{"id":864,"date":"2023-02-28T13:49:37","date_gmt":"2023-02-28T11:49:37","guid":{"rendered":"https:\/\/renetec.com\/?page_id=864"},"modified":"2023-03-13T10:44:52","modified_gmt":"2023-03-13T08:44:52","slug":"spv-structure","status":"publish","type":"page","link":"https:\/\/renetec.com\/fi\/spv-structure\/","title":{"rendered":"Projektiyhti\u00f6"},"content":{"rendered":"<div data-elementor-type=\"wp-page\" data-elementor-id=\"864\" class=\"elementor elementor-864\" data-elementor-post-type=\"page\">\n\t\t\t\t\t\t<section class=\"elementor-section elementor-top-section elementor-element elementor-element-1cd6236d elementor-section-full_width elementor-section-height-min-height elementor-section-height-default elementor-section-items-middle\" data-id=\"1cd6236d\" data-element_type=\"section\" data-e-type=\"section\">\n\t\t\t\t\t\t\t<div class=\"elementor-background-overlay\"><\/div>\n\t\t\t\t\t\t\t<div class=\"elementor-container elementor-column-gap-default\">\n\t\t\t\t\t<div class=\"elementor-column elementor-col-100 elementor-top-column elementor-element elementor-element-10d166b4\" data-id=\"10d166b4\" data-element_type=\"column\" data-e-type=\"column\">\n\t\t\t<div class=\"elementor-widget-wrap elementor-element-populated\">\n\t\t\t\t\t\t<div class=\"elementor-element elementor-element-41bb88b2 elementor-widget elementor-widget-image\" data-id=\"41bb88b2\" data-element_type=\"widget\" data-e-type=\"widget\" data-widget_type=\"image.default\">\n\t\t\t\t<div class=\"elementor-widget-container\">\n\t\t\t\t\t\t\t\t\t\t\t\t\t\t\t<img fetchpriority=\"high\" decoding=\"async\" width=\"1920\" height=\"600\" src=\"https:\/\/renetec.com\/wp-content\/uploads\/2023\/03\/RENETEC_SERVICES.jpg\" class=\"attachment-full size-full wp-image-1090\" alt=\"\" srcset=\"https:\/\/renetec.com\/wp-content\/uploads\/2023\/03\/RENETEC_SERVICES.jpg 1920w, https:\/\/renetec.com\/wp-content\/uploads\/2023\/03\/RENETEC_SERVICES-300x94.jpg 300w, https:\/\/renetec.com\/wp-content\/uploads\/2023\/03\/RENETEC_SERVICES-1024x320.jpg 1024w, https:\/\/renetec.com\/wp-content\/uploads\/2023\/03\/RENETEC_SERVICES-768x240.jpg 768w, https:\/\/renetec.com\/wp-content\/uploads\/2023\/03\/RENETEC_SERVICES-1536x480.jpg 1536w\" sizes=\"(max-width: 1920px) 100vw, 1920px\" \/>\t\t\t\t\t\t\t\t\t\t\t\t\t\t\t<\/div>\n\t\t\t\t<\/div>\n\t\t\t\t\t<\/div>\n\t\t<\/div>\n\t\t\t\t\t<\/div>\n\t\t<\/section>\n\t\t\t\t<section class=\"elementor-section elementor-top-section elementor-element elementor-element-205f901e elementor-section-boxed elementor-section-height-default elementor-section-height-default\" data-id=\"205f901e\" data-element_type=\"section\" data-e-type=\"section\">\n\t\t\t\t\t\t<div class=\"elementor-container elementor-column-gap-default\">\n\t\t\t\t\t<div class=\"elementor-column elementor-col-100 elementor-top-column elementor-element elementor-element-5fa849ac\" data-id=\"5fa849ac\" data-element_type=\"column\" data-e-type=\"column\">\n\t\t\t<div class=\"elementor-widget-wrap elementor-element-populated\">\n\t\t\t\t\t\t<section class=\"elementor-section elementor-inner-section elementor-element elementor-element-4d68666c elementor-section-boxed elementor-section-height-default elementor-section-height-default elementor-invisible\" data-id=\"4d68666c\" data-element_type=\"section\" data-e-type=\"section\" data-settings=\"{&quot;animation&quot;:&quot;fadeIn&quot;}\">\n\t\t\t\t\t\t<div class=\"elementor-container elementor-column-gap-default\">\n\t\t\t\t\t<div class=\"elementor-column elementor-col-50 elementor-inner-column elementor-element elementor-element-7369d830\" data-id=\"7369d830\" data-element_type=\"column\" data-e-type=\"column\">\n\t\t\t<div class=\"elementor-widget-wrap elementor-element-populated\">\n\t\t\t\t\t\t<div class=\"elementor-element elementor-element-5074826b elementor-widget elementor-widget-image\" data-id=\"5074826b\" data-element_type=\"widget\" data-e-type=\"widget\" data-widget_type=\"image.default\">\n\t\t\t\t<div class=\"elementor-widget-container\">\n\t\t\t\t\t\t\t\t\t\t\t\t\t\t\t<img decoding=\"async\" width=\"150\" height=\"200\" src=\"https:\/\/renetec.com\/wp-content\/uploads\/2023\/03\/RENETEC_ARROW_BULLET.png\" class=\"attachment-medium size-medium wp-image-1387\" alt=\"\" \/>\t\t\t\t\t\t\t\t\t\t\t\t\t\t\t<\/div>\n\t\t\t\t<\/div>\n\t\t\t\t\t<\/div>\n\t\t<\/div>\n\t\t\t\t<div class=\"elementor-column elementor-col-50 elementor-inner-column elementor-element elementor-element-2794f601\" data-id=\"2794f601\" data-element_type=\"column\" data-e-type=\"column\">\n\t\t\t<div class=\"elementor-widget-wrap elementor-element-populated\">\n\t\t\t\t\t\t<div class=\"elementor-element elementor-element-623afebb elementor-widget elementor-widget-heading\" data-id=\"623afebb\" data-element_type=\"widget\" data-e-type=\"widget\" data-widget_type=\"heading.default\">\n\t\t\t\t<div class=\"elementor-widget-container\">\n\t\t\t\t\t<h1 class=\"elementor-heading-title elementor-size-default\">PROJEKTIYHTI\u00d6<\/h1>\t\t\t\t<\/div>\n\t\t\t\t<\/div>\n\t\t\t\t\t<\/div>\n\t\t<\/div>\n\t\t\t\t\t<\/div>\n\t\t<\/section>\n\t\t\t\t\t<\/div>\n\t\t<\/div>\n\t\t\t\t\t<\/div>\n\t\t<\/section>\n\t\t\t\t<section class=\"elementor-section elementor-top-section elementor-element elementor-element-3a13f8ad elementor-section-boxed elementor-section-height-default elementor-section-height-default elementor-invisible\" data-id=\"3a13f8ad\" data-element_type=\"section\" data-e-type=\"section\" data-settings=\"{&quot;animation&quot;:&quot;fadeIn&quot;}\">\n\t\t\t\t\t\t<div class=\"elementor-container elementor-column-gap-default\">\n\t\t\t\t\t<div class=\"elementor-column elementor-col-100 elementor-top-column elementor-element elementor-element-55bfa65b\" data-id=\"55bfa65b\" data-element_type=\"column\" data-e-type=\"column\">\n\t\t\t<div class=\"elementor-widget-wrap elementor-element-populated\">\n\t\t\t\t\t\t<div class=\"elementor-element elementor-element-f8cd2b6 elementor-widget elementor-widget-text-editor\" data-id=\"f8cd2b6\" data-element_type=\"widget\" data-e-type=\"widget\" data-widget_type=\"text-editor.default\">\n\t\t\t\t<div class=\"elementor-widget-container\">\n\t\t\t\t\t\t\t\t\t<p><strong>Tyypillinen rakenne itsen\u00e4iselle aurinkovoimayhti\u00f6lle<\/strong><\/p>\t\t\t\t\t\t\t\t<\/div>\n\t\t\t\t<\/div>\n\t\t\t\t<div class=\"elementor-element elementor-element-631f273 elementor-widget elementor-widget-image\" data-id=\"631f273\" data-element_type=\"widget\" data-e-type=\"widget\" data-widget_type=\"image.default\">\n\t\t\t\t<div class=\"elementor-widget-container\">\n\t\t\t\t\t\t\t\t\t\t\t\t\t\t\t<img decoding=\"async\" width=\"1024\" height=\"426\" src=\"https:\/\/renetec.com\/wp-content\/uploads\/2023\/03\/RENETEC_PROJEKTIYHTIO_RAKENNE.jpg\" class=\"attachment-large size-large wp-image-1949\" alt=\"\" srcset=\"https:\/\/renetec.com\/wp-content\/uploads\/2023\/03\/RENETEC_PROJEKTIYHTIO_RAKENNE.jpg 1825w, https:\/\/renetec.com\/wp-content\/uploads\/2023\/03\/RENETEC_PROJEKTIYHTIO_RAKENNE-300x125.jpg 300w, https:\/\/renetec.com\/wp-content\/uploads\/2023\/03\/RENETEC_PROJEKTIYHTIO_RAKENNE-1024x426.jpg 1024w, https:\/\/renetec.com\/wp-content\/uploads\/2023\/03\/RENETEC_PROJEKTIYHTIO_RAKENNE-768x320.jpg 768w, https:\/\/renetec.com\/wp-content\/uploads\/2023\/03\/RENETEC_PROJEKTIYHTIO_RAKENNE-1536x640.jpg 1536w, https:\/\/renetec.com\/wp-content\/uploads\/2023\/03\/RENETEC_PROJEKTIYHTIO_RAKENNE-18x7.jpg 18w\" sizes=\"(max-width: 1024px) 100vw, 1024px\" \/>\t\t\t\t\t\t\t\t\t\t\t\t\t\t\t<\/div>\n\t\t\t\t<\/div>\n\t\t\t\t<div class=\"elementor-element elementor-element-56930bc elementor-widget elementor-widget-text-editor\" data-id=\"56930bc\" data-element_type=\"widget\" data-e-type=\"widget\" data-widget_type=\"text-editor.default\">\n\t\t\t\t<div class=\"elementor-widget-container\">\n\t\t\t\t\t\t\t\t\t<p>Kehitysvaiheen j\u00e4lkeen Renetec joko myy kehitysprojektin sijoittajille tai teollisille toimijoille tai j\u00e4\u00e4 omistajaksi aurinkovoimayhti\u00f6\u00f6n.<\/p>\t\t\t\t\t\t\t\t<\/div>\n\t\t\t\t<\/div>\n\t\t\t\t\t<\/div>\n\t\t<\/div>\n\t\t\t\t\t<\/div>\n\t\t<\/section>\n\t\t\t\t<\/div>","protected":false},"excerpt":{"rendered":"<p>SPV STRUCTURE Typical structure for an independent solar energy plant After the development phase, Renetec shall either sell the developed plant to the investors or remain a shareholder in the SPV.<\/p>","protected":false},"author":1,"featured_media":0,"parent":0,"menu_order":0,"comment_status":"closed","ping_status":"closed","template":"","meta":{"site-sidebar-layout":"no-sidebar","site-content-layout":"page-builder","ast-site-content-layout":"default","site-content-style":"default","site-sidebar-style":"default","ast-global-header-display":"","ast-banner-title-visibility":"","ast-main-header-display":"","ast-hfb-above-header-display":"","ast-hfb-below-header-display":"","ast-hfb-mobile-header-display":"","site-post-title":"disabled","ast-breadcrumbs-content":"","ast-featured-img":"disabled","footer-sml-layout":"","ast-disable-related-posts":"","theme-transparent-header-meta":"","adv-header-id-meta":"","stick-header-meta":"","header-above-stick-meta":"","header-main-stick-meta":"","header-below-stick-meta":"","astra-migrate-meta-layouts":"default","ast-page-background-enabled":"default","ast-page-background-meta":{"desktop":{"background-color":"var(--ast-global-color-4)","background-image":"","background-repeat":"repeat","background-position":"center center","background-size":"auto","background-attachment":"scroll","background-type":"","background-media":"","overlay-type":"","overlay-color":"","overlay-opacity":"","overlay-gradient":""},"tablet":{"background-color":"","background-image":"","background-repeat":"repeat","background-position":"center center","background-size":"auto","background-attachment":"scroll","background-type":"","background-media":"","overlay-type":"","overlay-color":"","overlay-opacity":"","overlay-gradient":""},"mobile":{"background-color":"","background-image":"","background-repeat":"repeat","background-position":"center center","background-size":"auto","background-attachment":"scroll","background-type":"","background-media":"","overlay-type":"","overlay-color":"","overlay-opacity":"","overlay-gradient":""}},"ast-content-background-meta":{"desktop":{"background-color":"var(--ast-global-color-5)","background-image":"","background-repeat":"repeat","background-position":"center center","background-size":"auto","background-attachment":"scroll","background-type":"","background-media":"","overlay-type":"","overlay-color":"","overlay-opacity":"","overlay-gradient":""},"tablet":{"background-color":"var(--ast-global-color-5)","background-image":"","background-repeat":"repeat","background-position":"center center","background-size":"auto","background-attachment":"scroll","background-type":"","background-media":"","overlay-type":"","overlay-color":"","overlay-opacity":"","overlay-gradient":""},"mobile":{"background-color":"var(--ast-global-color-5)","background-image":"","background-repeat":"repeat","background-position":"center center","background-size":"auto","background-attachment":"scroll","background-type":"","background-media":"","overlay-type":"","overlay-color":"","overlay-opacity":"","overlay-gradient":""}},"footnotes":""},"class_list":["post-864","page","type-page","status-publish","hentry"],"yoast_head":"<!-- This site is optimized with the Yoast SEO plugin v27.3 - https:\/\/yoast.com\/product\/yoast-seo-wordpress\/ -->\n<title>SPV structure - RENETEC<\/title>\n<meta name=\"description\" content=\"After the development phase, Renetec shall either sell the developed plant to the investors or remain a shareholder in the SPV.\" \/>\n<meta name=\"robots\" content=\"index, follow, max-snippet:-1, max-image-preview:large, max-video-preview:-1\" \/>\n<link rel=\"canonical\" href=\"https:\/\/renetec.com\/fi\/spv-structure\/\" \/>\n<meta property=\"og:locale\" content=\"fi_FI\" \/>\n<meta property=\"og:type\" content=\"article\" \/>\n<meta property=\"og:title\" content=\"SPV structure - RENETEC\" \/>\n<meta property=\"og:description\" content=\"After the development phase, Renetec shall either sell the developed plant to the investors or remain a shareholder in the SPV.\" \/>\n<meta property=\"og:url\" content=\"https:\/\/renetec.com\/fi\/spv-structure\/\" \/>\n<meta property=\"og:site_name\" content=\"RENETEC\" \/>\n<meta property=\"article:modified_time\" content=\"2023-03-13T08:44:52+00:00\" \/>\n<meta property=\"og:image\" content=\"https:\/\/renetec.com\/wp-content\/uploads\/2023\/03\/RENETEC_SERVICES.jpg\" \/>\n<meta name=\"twitter:card\" content=\"summary_large_image\" \/>\n<meta name=\"twitter:label1\" content=\"Arvioitu lukuaika\" \/>\n\t<meta name=\"twitter:data1\" content=\"1 minuutti\" \/>\n<script type=\"application\/ld+json\" class=\"yoast-schema-graph\">{\"@context\":\"https:\\\/\\\/schema.org\",\"@graph\":[{\"@type\":\"WebPage\",\"@id\":\"https:\\\/\\\/renetec.com\\\/spv-structure\\\/\",\"url\":\"https:\\\/\\\/renetec.com\\\/spv-structure\\\/\",\"name\":\"SPV structure - RENETEC\",\"isPartOf\":{\"@id\":\"https:\\\/\\\/renetec.com\\\/#website\"},\"primaryImageOfPage\":{\"@id\":\"https:\\\/\\\/renetec.com\\\/spv-structure\\\/#primaryimage\"},\"image\":{\"@id\":\"https:\\\/\\\/renetec.com\\\/spv-structure\\\/#primaryimage\"},\"thumbnailUrl\":\"https:\\\/\\\/renetec.com\\\/wp-content\\\/uploads\\\/2023\\\/03\\\/RENETEC_SERVICES.jpg\",\"datePublished\":\"2023-02-28T11:49:37+00:00\",\"dateModified\":\"2023-03-13T08:44:52+00:00\",\"description\":\"After the development phase, Renetec shall either sell the developed plant to the investors or remain a shareholder in the SPV.\",\"breadcrumb\":{\"@id\":\"https:\\\/\\\/renetec.com\\\/spv-structure\\\/#breadcrumb\"},\"inLanguage\":\"fi\",\"potentialAction\":[{\"@type\":\"ReadAction\",\"target\":[\"https:\\\/\\\/renetec.com\\\/spv-structure\\\/\"]}]},{\"@type\":\"ImageObject\",\"inLanguage\":\"fi\",\"@id\":\"https:\\\/\\\/renetec.com\\\/spv-structure\\\/#primaryimage\",\"url\":\"https:\\\/\\\/renetec.com\\\/wp-content\\\/uploads\\\/2023\\\/03\\\/RENETEC_SERVICES.jpg\",\"contentUrl\":\"https:\\\/\\\/renetec.com\\\/wp-content\\\/uploads\\\/2023\\\/03\\\/RENETEC_SERVICES.jpg\"},{\"@type\":\"BreadcrumbList\",\"@id\":\"https:\\\/\\\/renetec.com\\\/spv-structure\\\/#breadcrumb\",\"itemListElement\":[{\"@type\":\"ListItem\",\"position\":1,\"name\":\"Home\",\"item\":\"https:\\\/\\\/renetec.com\\\/\"},{\"@type\":\"ListItem\",\"position\":2,\"name\":\"SPV structure\"}]},{\"@type\":\"WebSite\",\"@id\":\"https:\\\/\\\/renetec.com\\\/#website\",\"url\":\"https:\\\/\\\/renetec.com\\\/\",\"name\":\"RENETEC\",\"description\":\"Rethinking Future\",\"publisher\":{\"@id\":\"https:\\\/\\\/renetec.com\\\/#organization\"},\"potentialAction\":[{\"@type\":\"SearchAction\",\"target\":{\"@type\":\"EntryPoint\",\"urlTemplate\":\"https:\\\/\\\/renetec.com\\\/?s={search_term_string}\"},\"query-input\":{\"@type\":\"PropertyValueSpecification\",\"valueRequired\":true,\"valueName\":\"search_term_string\"}}],\"inLanguage\":\"fi\"},{\"@type\":\"Organization\",\"@id\":\"https:\\\/\\\/renetec.com\\\/#organization\",\"name\":\"RENETEC\",\"url\":\"https:\\\/\\\/renetec.com\\\/\",\"logo\":{\"@type\":\"ImageObject\",\"inLanguage\":\"fi\",\"@id\":\"https:\\\/\\\/renetec.com\\\/#\\\/schema\\\/logo\\\/image\\\/\",\"url\":\"https:\\\/\\\/renetec.com\\\/wp-content\\\/uploads\\\/2023\\\/02\\\/RENETEC_SITELOGO_350.png\",\"contentUrl\":\"https:\\\/\\\/renetec.com\\\/wp-content\\\/uploads\\\/2023\\\/02\\\/RENETEC_SITELOGO_350.png\",\"width\":350,\"height\":41,\"caption\":\"RENETEC\"},\"image\":{\"@id\":\"https:\\\/\\\/renetec.com\\\/#\\\/schema\\\/logo\\\/image\\\/\"}}]}<\/script>\n<!-- \/ Yoast SEO plugin. -->","yoast_head_json":{"title":"SPV structure - RENETEC","description":"Kehitysvaiheen j\u00e4lkeen Renetec joko myy kehitysprojektin sijoittajille tai teollisille toimijoille tai j\u00e4\u00e4 omistajaksi aurinkovoimayhti\u00f6\u00f6n.","robots":{"index":"index","follow":"follow","max-snippet":"max-snippet:-1","max-image-preview":"max-image-preview:large","max-video-preview":"max-video-preview:-1"},"canonical":"https:\/\/renetec.com\/fi\/spv-structure\/","og_locale":"fi_FI","og_type":"article","og_title":"SPV structure - RENETEC","og_description":"After the development phase, Renetec shall either sell the developed plant to the investors or remain a shareholder in the SPV.","og_url":"https:\/\/renetec.com\/fi\/spv-structure\/","og_site_name":"RENETEC","article_modified_time":"2023-03-13T08:44:52+00:00","og_image":[{"url":"https:\/\/renetec.com\/wp-content\/uploads\/2023\/03\/RENETEC_SERVICES.jpg","type":"","width":"","height":""}],"twitter_card":"summary_large_image","twitter_misc":{"Arvioitu lukuaika":"1 minuutti"},"schema":{"@context":"https:\/\/schema.org","@graph":[{"@type":"WebPage","@id":"https:\/\/renetec.com\/spv-structure\/","url":"https:\/\/renetec.com\/spv-structure\/","name":"SPV structure - RENETEC","isPartOf":{"@id":"https:\/\/renetec.com\/#website"},"primaryImageOfPage":{"@id":"https:\/\/renetec.com\/spv-structure\/#primaryimage"},"image":{"@id":"https:\/\/renetec.com\/spv-structure\/#primaryimage"},"thumbnailUrl":"https:\/\/renetec.com\/wp-content\/uploads\/2023\/03\/RENETEC_SERVICES.jpg","datePublished":"2023-02-28T11:49:37+00:00","dateModified":"2023-03-13T08:44:52+00:00","description":"Kehitysvaiheen j\u00e4lkeen Renetec joko myy kehitysprojektin sijoittajille tai teollisille toimijoille tai j\u00e4\u00e4 omistajaksi aurinkovoimayhti\u00f6\u00f6n.","breadcrumb":{"@id":"https:\/\/renetec.com\/spv-structure\/#breadcrumb"},"inLanguage":"fi","potentialAction":[{"@type":"ReadAction","target":["https:\/\/renetec.com\/spv-structure\/"]}]},{"@type":"ImageObject","inLanguage":"fi","@id":"https:\/\/renetec.com\/spv-structure\/#primaryimage","url":"https:\/\/renetec.com\/wp-content\/uploads\/2023\/03\/RENETEC_SERVICES.jpg","contentUrl":"https:\/\/renetec.com\/wp-content\/uploads\/2023\/03\/RENETEC_SERVICES.jpg"},{"@type":"BreadcrumbList","@id":"https:\/\/renetec.com\/spv-structure\/#breadcrumb","itemListElement":[{"@type":"ListItem","position":1,"name":"Home","item":"https:\/\/renetec.com\/"},{"@type":"ListItem","position":2,"name":"SPV structure"}]},{"@type":"WebSite","@id":"https:\/\/renetec.com\/#website","url":"https:\/\/renetec.com\/","name":"RENETEC","description":"Rethinking Future","publisher":{"@id":"https:\/\/renetec.com\/#organization"},"potentialAction":[{"@type":"SearchAction","target":{"@type":"EntryPoint","urlTemplate":"https:\/\/renetec.com\/?s={search_term_string}"},"query-input":{"@type":"PropertyValueSpecification","valueRequired":true,"valueName":"search_term_string"}}],"inLanguage":"fi"},{"@type":"Organization","@id":"https:\/\/renetec.com\/#organization","name":"RENETEC","url":"https:\/\/renetec.com\/","logo":{"@type":"ImageObject","inLanguage":"fi","@id":"https:\/\/renetec.com\/#\/schema\/logo\/image\/","url":"https:\/\/renetec.com\/wp-content\/uploads\/2023\/02\/RENETEC_SITELOGO_350.png","contentUrl":"https:\/\/renetec.com\/wp-content\/uploads\/2023\/02\/RENETEC_SITELOGO_350.png","width":350,"height":41,"caption":"RENETEC"},"image":{"@id":"https:\/\/renetec.com\/#\/schema\/logo\/image\/"}}]}},"_links":{"self":[{"href":"https:\/\/renetec.com\/fi\/wp-json\/wp\/v2\/pages\/864","targetHints":{"allow":["GET"]}}],"collection":[{"href":"https:\/\/renetec.com\/fi\/wp-json\/wp\/v2\/pages"}],"about":[{"href":"https:\/\/renetec.com\/fi\/wp-json\/wp\/v2\/types\/page"}],"author":[{"embeddable":true,"href":"https:\/\/renetec.com\/fi\/wp-json\/wp\/v2\/users\/1"}],"replies":[{"embeddable":true,"href":"https:\/\/renetec.com\/fi\/wp-json\/wp\/v2\/comments?post=864"}],"version-history":[{"count":57,"href":"https:\/\/renetec.com\/fi\/wp-json\/wp\/v2\/pages\/864\/revisions"}],"predecessor-version":[{"id":2493,"href":"https:\/\/renetec.com\/fi\/wp-json\/wp\/v2\/pages\/864\/revisions\/2493"}],"wp:attachment":[{"href":"https:\/\/renetec.com\/fi\/wp-json\/wp\/v2\/media?parent=864"}],"curies":[{"name":"wp","href":"https:\/\/api.w.org\/{rel}","templated":true}]}}