{"id":638,"date":"2023-02-28T10:16:42","date_gmt":"2023-02-28T08:16:42","guid":{"rendered":"https:\/\/renetec.com\/?page_id=638"},"modified":"2023-03-13T10:30:20","modified_gmt":"2023-03-13T08:30:20","slug":"investors","status":"publish","type":"page","link":"https:\/\/renetec.com\/fi\/investors\/","title":{"rendered":"Sijoittajat"},"content":{"rendered":"<div data-elementor-type=\"wp-page\" data-elementor-id=\"638\" class=\"elementor elementor-638\" data-elementor-post-type=\"page\">\n\t\t\t\t\t\t<section class=\"elementor-section elementor-top-section elementor-element elementor-element-999b92c elementor-section-full_width elementor-section-height-min-height elementor-section-height-default elementor-section-items-middle\" data-id=\"999b92c\" data-element_type=\"section\" data-e-type=\"section\">\n\t\t\t\t\t\t\t<div class=\"elementor-background-overlay\"><\/div>\n\t\t\t\t\t\t\t<div class=\"elementor-container elementor-column-gap-default\">\n\t\t\t\t\t<div class=\"elementor-column elementor-col-100 elementor-top-column elementor-element elementor-element-7f3cf1ff\" data-id=\"7f3cf1ff\" data-element_type=\"column\" data-e-type=\"column\">\n\t\t\t<div class=\"elementor-widget-wrap elementor-element-populated\">\n\t\t\t\t\t\t<div class=\"elementor-element elementor-element-4aac71bf elementor-widget elementor-widget-image\" data-id=\"4aac71bf\" data-element_type=\"widget\" data-e-type=\"widget\" data-widget_type=\"image.default\">\n\t\t\t\t<div class=\"elementor-widget-container\">\n\t\t\t\t\t\t\t\t\t\t\t\t\t\t\t<img fetchpriority=\"high\" decoding=\"async\" width=\"1920\" height=\"600\" src=\"https:\/\/renetec.com\/wp-content\/uploads\/2023\/03\/RENETEC_INVESTMENT.jpg\" class=\"attachment-full size-full wp-image-1086\" alt=\"\" srcset=\"https:\/\/renetec.com\/wp-content\/uploads\/2023\/03\/RENETEC_INVESTMENT.jpg 1920w, https:\/\/renetec.com\/wp-content\/uploads\/2023\/03\/RENETEC_INVESTMENT-300x94.jpg 300w, https:\/\/renetec.com\/wp-content\/uploads\/2023\/03\/RENETEC_INVESTMENT-1024x320.jpg 1024w, https:\/\/renetec.com\/wp-content\/uploads\/2023\/03\/RENETEC_INVESTMENT-768x240.jpg 768w, https:\/\/renetec.com\/wp-content\/uploads\/2023\/03\/RENETEC_INVESTMENT-1536x480.jpg 1536w\" sizes=\"(max-width: 1920px) 100vw, 1920px\" \/>\t\t\t\t\t\t\t\t\t\t\t\t\t\t\t<\/div>\n\t\t\t\t<\/div>\n\t\t\t\t\t<\/div>\n\t\t<\/div>\n\t\t\t\t\t<\/div>\n\t\t<\/section>\n\t\t\t\t<section class=\"elementor-section elementor-top-section elementor-element elementor-element-4c0c62e2 elementor-section-boxed elementor-section-height-default elementor-section-height-default elementor-invisible\" data-id=\"4c0c62e2\" data-element_type=\"section\" data-e-type=\"section\" data-settings=\"{&quot;animation&quot;:&quot;fadeIn&quot;}\">\n\t\t\t\t\t\t<div class=\"elementor-container elementor-column-gap-default\">\n\t\t\t\t\t<div class=\"elementor-column elementor-col-100 elementor-top-column elementor-element elementor-element-4b54ebb6\" data-id=\"4b54ebb6\" data-element_type=\"column\" data-e-type=\"column\">\n\t\t\t<div class=\"elementor-widget-wrap elementor-element-populated\">\n\t\t\t\t\t\t<section class=\"elementor-section elementor-inner-section elementor-element elementor-element-790cb491 elementor-section-boxed elementor-section-height-default elementor-section-height-default elementor-invisible\" data-id=\"790cb491\" data-element_type=\"section\" data-e-type=\"section\" data-settings=\"{&quot;animation&quot;:&quot;fadeIn&quot;}\">\n\t\t\t\t\t\t<div class=\"elementor-container elementor-column-gap-default\">\n\t\t\t\t\t<div class=\"elementor-column elementor-col-50 elementor-inner-column elementor-element elementor-element-7c866ebb\" data-id=\"7c866ebb\" data-element_type=\"column\" data-e-type=\"column\">\n\t\t\t<div class=\"elementor-widget-wrap elementor-element-populated\">\n\t\t\t\t\t\t<div class=\"elementor-element elementor-element-581860a5 elementor-widget elementor-widget-image\" data-id=\"581860a5\" data-element_type=\"widget\" data-e-type=\"widget\" data-widget_type=\"image.default\">\n\t\t\t\t<div class=\"elementor-widget-container\">\n\t\t\t\t\t\t\t\t\t\t\t\t\t\t\t<img decoding=\"async\" width=\"150\" height=\"200\" src=\"https:\/\/renetec.com\/wp-content\/uploads\/2023\/03\/RENETEC_ARROW_BULLET.png\" class=\"attachment-medium size-medium wp-image-1387\" alt=\"\" \/>\t\t\t\t\t\t\t\t\t\t\t\t\t\t\t<\/div>\n\t\t\t\t<\/div>\n\t\t\t\t\t<\/div>\n\t\t<\/div>\n\t\t\t\t<div class=\"elementor-column elementor-col-50 elementor-inner-column elementor-element elementor-element-14ba6b0\" data-id=\"14ba6b0\" data-element_type=\"column\" data-e-type=\"column\">\n\t\t\t<div class=\"elementor-widget-wrap elementor-element-populated\">\n\t\t\t\t\t\t<div class=\"elementor-element elementor-element-d0141c1 elementor-widget elementor-widget-heading\" data-id=\"d0141c1\" data-element_type=\"widget\" data-e-type=\"widget\" data-widget_type=\"heading.default\">\n\t\t\t\t<div class=\"elementor-widget-container\">\n\t\t\t\t\t<h1 class=\"elementor-heading-title elementor-size-default\">SIJOITTAJILLE<\/h1>\t\t\t\t<\/div>\n\t\t\t\t<\/div>\n\t\t\t\t\t<\/div>\n\t\t<\/div>\n\t\t\t\t\t<\/div>\n\t\t<\/section>\n\t\t\t\t\t<\/div>\n\t\t<\/div>\n\t\t\t\t\t<\/div>\n\t\t<\/section>\n\t\t\t\t<section class=\"elementor-section elementor-top-section elementor-element elementor-element-488f3219 elementor-section-boxed elementor-section-height-default elementor-section-height-default elementor-invisible\" data-id=\"488f3219\" data-element_type=\"section\" data-e-type=\"section\" data-settings=\"{&quot;animation&quot;:&quot;fadeIn&quot;}\">\n\t\t\t\t\t\t<div class=\"elementor-container elementor-column-gap-default\">\n\t\t\t\t\t<div class=\"elementor-column elementor-col-100 elementor-top-column elementor-element elementor-element-6e7a4011\" data-id=\"6e7a4011\" data-element_type=\"column\" data-e-type=\"column\">\n\t\t\t<div class=\"elementor-widget-wrap elementor-element-populated\">\n\t\t\t\t\t\t<div class=\"elementor-element elementor-element-7fa96136 elementor-widget elementor-widget-text-editor\" data-id=\"7fa96136\" data-element_type=\"widget\" data-e-type=\"widget\" data-widget_type=\"text-editor.default\">\n\t\t\t\t<div class=\"elementor-widget-container\">\n\t\t\t\t\t\t\t\t\t<p><b>Voimakkaasti kasvava sektori. <\/b>Aurinkoenergia on nopeimmin kasvava uusiutuvan energian tuotantomuoto maailmassa, ja tulee my\u00f6s Euroopassa olemaan l\u00e4hitulevaisuudessa merkitt\u00e4v\u00e4 kasvualue.<\/p><p><strong>Optimaalinen riski-tuottosuhde.<\/strong> Tasainen ja ennustettava kassavirta tekee aurinkovoimahankkeista infrastuktuurihankemaisia sijoituskohteita, joissa on matala riski ja optimaalinen riski-tuottosuhde.<\/p><p><strong>Vaikuttavuus.<\/strong> Aurinkovoimala tuottaa merkitt\u00e4v\u00e4sti v\u00e4hemm\u00e4n haitallisia kasvihuonekaasuja elinkaarensa aikana kuin perinteiset fossiiliseen energiaan perustuvat energiantuontantomuodot.<\/p>\t\t\t\t\t\t\t\t<\/div>\n\t\t\t\t<\/div>\n\t\t\t\t\t<\/div>\n\t\t<\/div>\n\t\t\t\t\t<\/div>\n\t\t<\/section>\n\t\t\t\t<\/div>","protected":false},"excerpt":{"rendered":"<p>FOR INVESTORS Join a strongly growing sector. Solar Energy is the fastest developing renewable energy source in the World and a substantial mega-growth opportunity in Europe for years to come. Optimal risk-return ratio. Stable and predictable cash-flow provides investors an infrastructure-like investment class with low risks and optimal risk-return ratio. Impact. Solar Energy Plant produces [&hellip;]<\/p>\n","protected":false},"author":1,"featured_media":0,"parent":0,"menu_order":0,"comment_status":"closed","ping_status":"closed","template":"","meta":{"site-sidebar-layout":"no-sidebar","site-content-layout":"page-builder","ast-site-content-layout":"default","site-content-style":"default","site-sidebar-style":"default","ast-global-header-display":"","ast-banner-title-visibility":"","ast-main-header-display":"","ast-hfb-above-header-display":"","ast-hfb-below-header-display":"","ast-hfb-mobile-header-display":"","site-post-title":"disabled","ast-breadcrumbs-content":"","ast-featured-img":"disabled","footer-sml-layout":"","ast-disable-related-posts":"","theme-transparent-header-meta":"","adv-header-id-meta":"","stick-header-meta":"","header-above-stick-meta":"","header-main-stick-meta":"","header-below-stick-meta":"","astra-migrate-meta-layouts":"default","ast-page-background-enabled":"default","ast-page-background-meta":{"desktop":{"background-color":"var(--ast-global-color-4)","background-image":"","background-repeat":"repeat","background-position":"center center","background-size":"auto","background-attachment":"scroll","background-type":"","background-media":"","overlay-type":"","overlay-color":"","overlay-opacity":"","overlay-gradient":""},"tablet":{"background-color":"","background-image":"","background-repeat":"repeat","background-position":"center center","background-size":"auto","background-attachment":"scroll","background-type":"","background-media":"","overlay-type":"","overlay-color":"","overlay-opacity":"","overlay-gradient":""},"mobile":{"background-color":"","background-image":"","background-repeat":"repeat","background-position":"center center","background-size":"auto","background-attachment":"scroll","background-type":"","background-media":"","overlay-type":"","overlay-color":"","overlay-opacity":"","overlay-gradient":""}},"ast-content-background-meta":{"desktop":{"background-color":"var(--ast-global-color-5)","background-image":"","background-repeat":"repeat","background-position":"center center","background-size":"auto","background-attachment":"scroll","background-type":"","background-media":"","overlay-type":"","overlay-color":"","overlay-opacity":"","overlay-gradient":""},"tablet":{"background-color":"var(--ast-global-color-5)","background-image":"","background-repeat":"repeat","background-position":"center center","background-size":"auto","background-attachment":"scroll","background-type":"","background-media":"","overlay-type":"","overlay-color":"","overlay-opacity":"","overlay-gradient":""},"mobile":{"background-color":"var(--ast-global-color-5)","background-image":"","background-repeat":"repeat","background-position":"center center","background-size":"auto","background-attachment":"scroll","background-type":"","background-media":"","overlay-type":"","overlay-color":"","overlay-opacity":"","overlay-gradient":""}},"footnotes":""},"class_list":["post-638","page","type-page","status-publish","hentry"],"yoast_head":"<!-- This site is optimized with the Yoast SEO plugin v27.3 - https:\/\/yoast.com\/product\/yoast-seo-wordpress\/ -->\n<title>Investors - RENETEC<\/title>\n<meta name=\"description\" content=\"Join a strongly growing sector for investors. Solar Energy is the fastest developing renewable energy source in the World.\" \/>\n<meta name=\"robots\" content=\"index, follow, max-snippet:-1, max-image-preview:large, max-video-preview:-1\" \/>\n<link rel=\"canonical\" href=\"https:\/\/renetec.com\/fi\/investors\/\" \/>\n<meta property=\"og:locale\" content=\"fi_FI\" \/>\n<meta property=\"og:type\" content=\"article\" \/>\n<meta property=\"og:title\" content=\"Investors - RENETEC\" \/>\n<meta property=\"og:description\" content=\"Join a strongly growing sector for investors. Solar Energy is the fastest developing renewable energy source in the World.\" \/>\n<meta property=\"og:url\" content=\"https:\/\/renetec.com\/fi\/investors\/\" \/>\n<meta property=\"og:site_name\" content=\"RENETEC\" \/>\n<meta property=\"article:modified_time\" content=\"2023-03-13T08:30:20+00:00\" \/>\n<meta property=\"og:image\" content=\"https:\/\/renetec.com\/wp-content\/uploads\/2023\/03\/RENETEC_INVESTMENT.jpg\" \/>\n<meta name=\"twitter:card\" content=\"summary_large_image\" \/>\n<meta name=\"twitter:label1\" content=\"Arvioitu lukuaika\" \/>\n\t<meta name=\"twitter:data1\" content=\"1 minuutti\" \/>\n<script type=\"application\/ld+json\" class=\"yoast-schema-graph\">{\"@context\":\"https:\\\/\\\/schema.org\",\"@graph\":[{\"@type\":\"WebPage\",\"@id\":\"https:\\\/\\\/renetec.com\\\/investors\\\/\",\"url\":\"https:\\\/\\\/renetec.com\\\/investors\\\/\",\"name\":\"Investors - RENETEC\",\"isPartOf\":{\"@id\":\"https:\\\/\\\/renetec.com\\\/#website\"},\"primaryImageOfPage\":{\"@id\":\"https:\\\/\\\/renetec.com\\\/investors\\\/#primaryimage\"},\"image\":{\"@id\":\"https:\\\/\\\/renetec.com\\\/investors\\\/#primaryimage\"},\"thumbnailUrl\":\"https:\\\/\\\/renetec.com\\\/wp-content\\\/uploads\\\/2023\\\/03\\\/RENETEC_INVESTMENT.jpg\",\"datePublished\":\"2023-02-28T08:16:42+00:00\",\"dateModified\":\"2023-03-13T08:30:20+00:00\",\"description\":\"Join a strongly growing sector for investors. Solar Energy is the fastest developing renewable energy source in the World.\",\"breadcrumb\":{\"@id\":\"https:\\\/\\\/renetec.com\\\/investors\\\/#breadcrumb\"},\"inLanguage\":\"fi\",\"potentialAction\":[{\"@type\":\"ReadAction\",\"target\":[\"https:\\\/\\\/renetec.com\\\/investors\\\/\"]}]},{\"@type\":\"ImageObject\",\"inLanguage\":\"fi\",\"@id\":\"https:\\\/\\\/renetec.com\\\/investors\\\/#primaryimage\",\"url\":\"https:\\\/\\\/renetec.com\\\/wp-content\\\/uploads\\\/2023\\\/03\\\/RENETEC_INVESTMENT.jpg\",\"contentUrl\":\"https:\\\/\\\/renetec.com\\\/wp-content\\\/uploads\\\/2023\\\/03\\\/RENETEC_INVESTMENT.jpg\"},{\"@type\":\"BreadcrumbList\",\"@id\":\"https:\\\/\\\/renetec.com\\\/investors\\\/#breadcrumb\",\"itemListElement\":[{\"@type\":\"ListItem\",\"position\":1,\"name\":\"Home\",\"item\":\"https:\\\/\\\/renetec.com\\\/\"},{\"@type\":\"ListItem\",\"position\":2,\"name\":\"Investors\"}]},{\"@type\":\"WebSite\",\"@id\":\"https:\\\/\\\/renetec.com\\\/#website\",\"url\":\"https:\\\/\\\/renetec.com\\\/\",\"name\":\"RENETEC\",\"description\":\"Rethinking Future\",\"publisher\":{\"@id\":\"https:\\\/\\\/renetec.com\\\/#organization\"},\"potentialAction\":[{\"@type\":\"SearchAction\",\"target\":{\"@type\":\"EntryPoint\",\"urlTemplate\":\"https:\\\/\\\/renetec.com\\\/?s={search_term_string}\"},\"query-input\":{\"@type\":\"PropertyValueSpecification\",\"valueRequired\":true,\"valueName\":\"search_term_string\"}}],\"inLanguage\":\"fi\"},{\"@type\":\"Organization\",\"@id\":\"https:\\\/\\\/renetec.com\\\/#organization\",\"name\":\"RENETEC\",\"url\":\"https:\\\/\\\/renetec.com\\\/\",\"logo\":{\"@type\":\"ImageObject\",\"inLanguage\":\"fi\",\"@id\":\"https:\\\/\\\/renetec.com\\\/#\\\/schema\\\/logo\\\/image\\\/\",\"url\":\"https:\\\/\\\/renetec.com\\\/wp-content\\\/uploads\\\/2023\\\/02\\\/RENETEC_SITELOGO_350.png\",\"contentUrl\":\"https:\\\/\\\/renetec.com\\\/wp-content\\\/uploads\\\/2023\\\/02\\\/RENETEC_SITELOGO_350.png\",\"width\":350,\"height\":41,\"caption\":\"RENETEC\"},\"image\":{\"@id\":\"https:\\\/\\\/renetec.com\\\/#\\\/schema\\\/logo\\\/image\\\/\"}}]}<\/script>\n<!-- \/ Yoast SEO plugin. -->","yoast_head_json":{"title":"Investors - RENETEC","description":"Join a strongly growing sector for investors. Solar Energy is the fastest developing renewable energy source in the World.","robots":{"index":"index","follow":"follow","max-snippet":"max-snippet:-1","max-image-preview":"max-image-preview:large","max-video-preview":"max-video-preview:-1"},"canonical":"https:\/\/renetec.com\/fi\/investors\/","og_locale":"fi_FI","og_type":"article","og_title":"Investors - RENETEC","og_description":"Join a strongly growing sector for investors. Solar Energy is the fastest developing renewable energy source in the World.","og_url":"https:\/\/renetec.com\/fi\/investors\/","og_site_name":"RENETEC","article_modified_time":"2023-03-13T08:30:20+00:00","og_image":[{"url":"https:\/\/renetec.com\/wp-content\/uploads\/2023\/03\/RENETEC_INVESTMENT.jpg","type":"","width":"","height":""}],"twitter_card":"summary_large_image","twitter_misc":{"Arvioitu lukuaika":"1 minuutti"},"schema":{"@context":"https:\/\/schema.org","@graph":[{"@type":"WebPage","@id":"https:\/\/renetec.com\/investors\/","url":"https:\/\/renetec.com\/investors\/","name":"Investors - RENETEC","isPartOf":{"@id":"https:\/\/renetec.com\/#website"},"primaryImageOfPage":{"@id":"https:\/\/renetec.com\/investors\/#primaryimage"},"image":{"@id":"https:\/\/renetec.com\/investors\/#primaryimage"},"thumbnailUrl":"https:\/\/renetec.com\/wp-content\/uploads\/2023\/03\/RENETEC_INVESTMENT.jpg","datePublished":"2023-02-28T08:16:42+00:00","dateModified":"2023-03-13T08:30:20+00:00","description":"Join a strongly growing sector for investors. Solar Energy is the fastest developing renewable energy source in the World.","breadcrumb":{"@id":"https:\/\/renetec.com\/investors\/#breadcrumb"},"inLanguage":"fi","potentialAction":[{"@type":"ReadAction","target":["https:\/\/renetec.com\/investors\/"]}]},{"@type":"ImageObject","inLanguage":"fi","@id":"https:\/\/renetec.com\/investors\/#primaryimage","url":"https:\/\/renetec.com\/wp-content\/uploads\/2023\/03\/RENETEC_INVESTMENT.jpg","contentUrl":"https:\/\/renetec.com\/wp-content\/uploads\/2023\/03\/RENETEC_INVESTMENT.jpg"},{"@type":"BreadcrumbList","@id":"https:\/\/renetec.com\/investors\/#breadcrumb","itemListElement":[{"@type":"ListItem","position":1,"name":"Home","item":"https:\/\/renetec.com\/"},{"@type":"ListItem","position":2,"name":"Investors"}]},{"@type":"WebSite","@id":"https:\/\/renetec.com\/#website","url":"https:\/\/renetec.com\/","name":"RENETEC","description":"Rethinking Future","publisher":{"@id":"https:\/\/renetec.com\/#organization"},"potentialAction":[{"@type":"SearchAction","target":{"@type":"EntryPoint","urlTemplate":"https:\/\/renetec.com\/?s={search_term_string}"},"query-input":{"@type":"PropertyValueSpecification","valueRequired":true,"valueName":"search_term_string"}}],"inLanguage":"fi"},{"@type":"Organization","@id":"https:\/\/renetec.com\/#organization","name":"RENETEC","url":"https:\/\/renetec.com\/","logo":{"@type":"ImageObject","inLanguage":"fi","@id":"https:\/\/renetec.com\/#\/schema\/logo\/image\/","url":"https:\/\/renetec.com\/wp-content\/uploads\/2023\/02\/RENETEC_SITELOGO_350.png","contentUrl":"https:\/\/renetec.com\/wp-content\/uploads\/2023\/02\/RENETEC_SITELOGO_350.png","width":350,"height":41,"caption":"RENETEC"},"image":{"@id":"https:\/\/renetec.com\/#\/schema\/logo\/image\/"}}]}},"_links":{"self":[{"href":"https:\/\/renetec.com\/fi\/wp-json\/wp\/v2\/pages\/638","targetHints":{"allow":["GET"]}}],"collection":[{"href":"https:\/\/renetec.com\/fi\/wp-json\/wp\/v2\/pages"}],"about":[{"href":"https:\/\/renetec.com\/fi\/wp-json\/wp\/v2\/types\/page"}],"author":[{"embeddable":true,"href":"https:\/\/renetec.com\/fi\/wp-json\/wp\/v2\/users\/1"}],"replies":[{"embeddable":true,"href":"https:\/\/renetec.com\/fi\/wp-json\/wp\/v2\/comments?post=638"}],"version-history":[{"count":56,"href":"https:\/\/renetec.com\/fi\/wp-json\/wp\/v2\/pages\/638\/revisions"}],"predecessor-version":[{"id":2488,"href":"https:\/\/renetec.com\/fi\/wp-json\/wp\/v2\/pages\/638\/revisions\/2488"}],"wp:attachment":[{"href":"https:\/\/renetec.com\/fi\/wp-json\/wp\/v2\/media?parent=638"}],"curies":[{"name":"wp","href":"https:\/\/api.w.org\/{rel}","templated":true}]}}