{"id":624,"date":"2023-02-28T10:04:30","date_gmt":"2023-02-28T08:04:30","guid":{"rendered":"https:\/\/renetec.com\/?page_id=624"},"modified":"2025-03-06T22:19:13","modified_gmt":"2025-03-06T20:19:13","slug":"solar-project-developers","status":"publish","type":"page","link":"https:\/\/renetec.com\/fi\/solar-project-developers\/","title":{"rendered":"Solar project developers"},"content":{"rendered":"<div data-elementor-type=\"wp-page\" data-elementor-id=\"624\" class=\"elementor elementor-624\" data-elementor-post-type=\"page\">\n\t\t\t\t\t\t<section class=\"elementor-section elementor-top-section elementor-element elementor-element-32605133 elementor-section-full_width elementor-section-height-min-height elementor-section-height-default elementor-section-items-middle\" data-id=\"32605133\" data-element_type=\"section\" data-e-type=\"section\">\n\t\t\t\t\t\t\t<div class=\"elementor-background-overlay\"><\/div>\n\t\t\t\t\t\t\t<div class=\"elementor-container elementor-column-gap-default\">\n\t\t\t\t\t<div class=\"elementor-column elementor-col-100 elementor-top-column elementor-element elementor-element-280717a9\" data-id=\"280717a9\" data-element_type=\"column\" data-e-type=\"column\">\n\t\t\t<div class=\"elementor-widget-wrap elementor-element-populated\">\n\t\t\t\t\t\t<div class=\"elementor-element elementor-element-142db9f7 elementor-widget elementor-widget-image\" data-id=\"142db9f7\" data-element_type=\"widget\" data-e-type=\"widget\" data-widget_type=\"image.default\">\n\t\t\t\t<div class=\"elementor-widget-container\">\n\t\t\t\t\t\t\t\t\t\t\t\t\t\t\t<img fetchpriority=\"high\" decoding=\"async\" width=\"1920\" height=\"600\" src=\"https:\/\/renetec.com\/wp-content\/uploads\/2023\/03\/RENETEC_PARK_CHECK.jpg\" class=\"attachment-full size-full wp-image-1083\" alt=\"\" srcset=\"https:\/\/renetec.com\/wp-content\/uploads\/2023\/03\/RENETEC_PARK_CHECK.jpg 1920w, https:\/\/renetec.com\/wp-content\/uploads\/2023\/03\/RENETEC_PARK_CHECK-300x94.jpg 300w, https:\/\/renetec.com\/wp-content\/uploads\/2023\/03\/RENETEC_PARK_CHECK-1024x320.jpg 1024w, https:\/\/renetec.com\/wp-content\/uploads\/2023\/03\/RENETEC_PARK_CHECK-768x240.jpg 768w, https:\/\/renetec.com\/wp-content\/uploads\/2023\/03\/RENETEC_PARK_CHECK-1536x480.jpg 1536w\" sizes=\"(max-width: 1920px) 100vw, 1920px\" \/>\t\t\t\t\t\t\t\t\t\t\t\t\t\t\t<\/div>\n\t\t\t\t<\/div>\n\t\t\t\t\t<\/div>\n\t\t<\/div>\n\t\t\t\t\t<\/div>\n\t\t<\/section>\n\t\t\t\t<section class=\"elementor-section elementor-top-section elementor-element elementor-element-44f92e1 elementor-section-boxed elementor-section-height-default elementor-section-height-default elementor-invisible\" data-id=\"44f92e1\" data-element_type=\"section\" data-e-type=\"section\" data-settings=\"{&quot;animation&quot;:&quot;fadeIn&quot;}\">\n\t\t\t\t\t\t<div class=\"elementor-container elementor-column-gap-default\">\n\t\t\t\t\t<div class=\"elementor-column elementor-col-100 elementor-top-column elementor-element elementor-element-6b2c9bf\" data-id=\"6b2c9bf\" data-element_type=\"column\" data-e-type=\"column\">\n\t\t\t<div class=\"elementor-widget-wrap elementor-element-populated\">\n\t\t\t\t\t\t<section class=\"elementor-section elementor-inner-section elementor-element elementor-element-1cdd5817 elementor-section-boxed elementor-section-height-default elementor-section-height-default elementor-invisible\" data-id=\"1cdd5817\" data-element_type=\"section\" data-e-type=\"section\" data-settings=\"{&quot;animation&quot;:&quot;fadeIn&quot;}\">\n\t\t\t\t\t\t<div class=\"elementor-container elementor-column-gap-default\">\n\t\t\t\t\t<div class=\"elementor-column elementor-col-50 elementor-inner-column elementor-element elementor-element-41dc9ea3\" data-id=\"41dc9ea3\" data-element_type=\"column\" data-e-type=\"column\">\n\t\t\t<div class=\"elementor-widget-wrap elementor-element-populated\">\n\t\t\t\t\t\t<div class=\"elementor-element elementor-element-47a79859 elementor-widget elementor-widget-image\" data-id=\"47a79859\" data-element_type=\"widget\" data-e-type=\"widget\" data-widget_type=\"image.default\">\n\t\t\t\t<div class=\"elementor-widget-container\">\n\t\t\t\t\t\t\t\t\t\t\t\t\t\t\t<img decoding=\"async\" width=\"150\" height=\"200\" src=\"https:\/\/renetec.com\/wp-content\/uploads\/2023\/03\/RENETEC_ARROW_BULLET.png\" class=\"attachment-medium size-medium wp-image-1387\" alt=\"\" \/>\t\t\t\t\t\t\t\t\t\t\t\t\t\t\t<\/div>\n\t\t\t\t<\/div>\n\t\t\t\t\t<\/div>\n\t\t<\/div>\n\t\t\t\t<div class=\"elementor-column elementor-col-50 elementor-inner-column elementor-element elementor-element-c08b90d\" data-id=\"c08b90d\" data-element_type=\"column\" data-e-type=\"column\">\n\t\t\t<div class=\"elementor-widget-wrap elementor-element-populated\">\n\t\t\t\t\t\t<div class=\"elementor-element elementor-element-5ee2029a elementor-widget elementor-widget-heading\" data-id=\"5ee2029a\" data-element_type=\"widget\" data-e-type=\"widget\" data-widget_type=\"heading.default\">\n\t\t\t\t<div class=\"elementor-widget-container\">\n\t\t\t\t\t<h1 class=\"elementor-heading-title elementor-size-default\">Hankekehitt\u00e4jille<\/h1>\t\t\t\t<\/div>\n\t\t\t\t<\/div>\n\t\t\t\t\t<\/div>\n\t\t<\/div>\n\t\t\t\t\t<\/div>\n\t\t<\/section>\n\t\t\t\t\t<\/div>\n\t\t<\/div>\n\t\t\t\t\t<\/div>\n\t\t<\/section>\n\t\t\t\t<section class=\"elementor-section elementor-top-section elementor-element elementor-element-4c84a0a8 elementor-section-boxed elementor-section-height-default elementor-section-height-default elementor-invisible\" data-id=\"4c84a0a8\" data-element_type=\"section\" data-e-type=\"section\" data-settings=\"{&quot;animation&quot;:&quot;fadeIn&quot;}\">\n\t\t\t\t\t\t<div class=\"elementor-container elementor-column-gap-default\">\n\t\t\t\t\t<div class=\"elementor-column elementor-col-100 elementor-top-column elementor-element elementor-element-3aa750d3\" data-id=\"3aa750d3\" data-element_type=\"column\" data-e-type=\"column\">\n\t\t\t<div class=\"elementor-widget-wrap elementor-element-populated\">\n\t\t\t\t\t\t<div class=\"elementor-element elementor-element-f42cea8 elementor-widget elementor-widget-text-editor\" data-id=\"f42cea8\" data-element_type=\"widget\" data-e-type=\"widget\" data-widget_type=\"text-editor.default\">\n\t\t\t\t<div class=\"elementor-widget-container\">\n\t\t\t\t\t\t\t\t\t<p><b>Renetec on kehitysyhti\u00f6, jonka osaamisalueeseen sis\u00e4ltyv\u00e4t kaikki aurinkovoiman kehitysvaiheet.<\/b><\/p>\n<p>Meill\u00e4 on useita laadukkaasti kehitettyj\u00e4 aurinkovoimahankkeita Suomessa. Monet niist\u00e4 tulevat saavuttamaan rakentamisvalmiuden vuoden 2025 aikana ja etsimme nyt niiden toteuttamisesta kiinnostuneita tahoja. Ostamalla rakentamisvalmiin hankkeen meilt\u00e4 p\u00e4\u00e4set toteuttamaan aurinkovoimalaa heti.&nbsp;<\/p>\n<p>Suunniteluperiaatteisiimme kuuluu:<\/p>\n<ul>\n<li>Huolella valittu maa-alue, jonka k\u00e4yt\u00f6n ymp\u00e4rist\u00f6vaikutukset ovat v\u00e4h\u00e4iset ja aurinkovoimalan rakentaminen on suoraviivaista. Kaikki portfoliomme hankkeet on suunniteltu p\u00e4\u00e4asiassa entiselle viljelysmaalle.<\/li>\n<li>L\u00e4hell\u00e4 olemassa olevaa s\u00e4hk\u00f6asemaa, jossa on heti vapaata kapasiteettia. Kaikki hankealueemme sijaitsevat enint\u00e4\u00e4n 2 km p\u00e4\u00e4ss\u00e4 verkkoliitynt\u00e4pistett\u00e4 eik\u00e4 liittyminen edellyt\u00e4 uuden s\u00e4hk\u00f6aseman rakentamista.<\/li>\n<li>Hankkeen toteuttajalla on mahdollisuus valita lopulliset suunnitteluparametrit. Esimerkiksi aurinkopaneelien asentaminen kiintein tai k\u00e4\u00e4ntyvin telinein, tai akkuvaraston toteutus hankealueelle on huomioitu alustavassa suunnittelussa ja luvituksessa.<\/li>\n<\/ul>\t\t\t\t\t\t\t\t<\/div>\n\t\t\t\t<\/div>\n\t\t\t\t\t<\/div>\n\t\t<\/div>\n\t\t\t\t\t<\/div>\n\t\t<\/section>\n\t\t\t\t<\/div>","protected":false},"excerpt":{"rendered":"<p>FOR PROJECT DEVELOPERS Renetec is a professional solar energy project development company with expertise to cover all phases of a solar energy plant. We have a well-curated portfolio of PV projects located in Finland. A number of our projects are expected to reach full Ready-to-Build status during 2025 and we are seeking parties interested in [&hellip;]<\/p>\n","protected":false},"author":1,"featured_media":0,"parent":0,"menu_order":0,"comment_status":"closed","ping_status":"closed","template":"","meta":{"site-sidebar-layout":"no-sidebar","site-content-layout":"page-builder","ast-site-content-layout":"default","site-content-style":"default","site-sidebar-style":"default","ast-global-header-display":"","ast-banner-title-visibility":"","ast-main-header-display":"","ast-hfb-above-header-display":"","ast-hfb-below-header-display":"","ast-hfb-mobile-header-display":"","site-post-title":"disabled","ast-breadcrumbs-content":"","ast-featured-img":"disabled","footer-sml-layout":"","ast-disable-related-posts":"","theme-transparent-header-meta":"","adv-header-id-meta":"","stick-header-meta":"","header-above-stick-meta":"","header-main-stick-meta":"","header-below-stick-meta":"","astra-migrate-meta-layouts":"default","ast-page-background-enabled":"default","ast-page-background-meta":{"desktop":{"background-color":"var(--ast-global-color-4)","background-image":"","background-repeat":"repeat","background-position":"center center","background-size":"auto","background-attachment":"scroll","background-type":"","background-media":"","overlay-type":"","overlay-color":"","overlay-opacity":"","overlay-gradient":""},"tablet":{"background-color":"","background-image":"","background-repeat":"repeat","background-position":"center center","background-size":"auto","background-attachment":"scroll","background-type":"","background-media":"","overlay-type":"","overlay-color":"","overlay-opacity":"","overlay-gradient":""},"mobile":{"background-color":"","background-image":"","background-repeat":"repeat","background-position":"center center","background-size":"auto","background-attachment":"scroll","background-type":"","background-media":"","overlay-type":"","overlay-color":"","overlay-opacity":"","overlay-gradient":""}},"ast-content-background-meta":{"desktop":{"background-color":"var(--ast-global-color-5)","background-image":"","background-repeat":"repeat","background-position":"center center","background-size":"auto","background-attachment":"scroll","background-type":"","background-media":"","overlay-type":"","overlay-color":"","overlay-opacity":"","overlay-gradient":""},"tablet":{"background-color":"var(--ast-global-color-5)","background-image":"","background-repeat":"repeat","background-position":"center center","background-size":"auto","background-attachment":"scroll","background-type":"","background-media":"","overlay-type":"","overlay-color":"","overlay-opacity":"","overlay-gradient":""},"mobile":{"background-color":"var(--ast-global-color-5)","background-image":"","background-repeat":"repeat","background-position":"center center","background-size":"auto","background-attachment":"scroll","background-type":"","background-media":"","overlay-type":"","overlay-color":"","overlay-opacity":"","overlay-gradient":""}},"footnotes":""},"class_list":["post-624","page","type-page","status-publish","hentry"],"yoast_head":"<!-- This site is optimized with the Yoast SEO plugin v27.3 - https:\/\/yoast.com\/product\/yoast-seo-wordpress\/ -->\n<title>Solar project developers - RENETEC<\/title>\n<meta name=\"description\" content=\"Renetec is an internationally operating professional solar energy project development company\" \/>\n<meta name=\"robots\" content=\"index, follow, max-snippet:-1, max-image-preview:large, max-video-preview:-1\" \/>\n<link rel=\"canonical\" href=\"https:\/\/renetec.com\/fi\/solar-project-developers\/\" \/>\n<meta property=\"og:locale\" content=\"fi_FI\" \/>\n<meta property=\"og:type\" content=\"article\" \/>\n<meta property=\"og:title\" content=\"Solar project developers - RENETEC\" \/>\n<meta property=\"og:description\" content=\"Renetec is an internationally operating professional solar energy project development company\" \/>\n<meta property=\"og:url\" content=\"https:\/\/renetec.com\/fi\/solar-project-developers\/\" \/>\n<meta property=\"og:site_name\" content=\"RENETEC\" \/>\n<meta property=\"article:modified_time\" content=\"2025-03-06T20:19:13+00:00\" \/>\n<meta property=\"og:image\" content=\"https:\/\/renetec.com\/wp-content\/uploads\/2023\/03\/RENETEC_PARK_CHECK.jpg\" \/>\n\t<meta property=\"og:image:width\" content=\"1920\" \/>\n\t<meta property=\"og:image:height\" content=\"600\" \/>\n\t<meta property=\"og:image:type\" content=\"image\/jpeg\" \/>\n<meta name=\"twitter:card\" content=\"summary_large_image\" \/>\n<meta name=\"twitter:label1\" content=\"Arvioitu lukuaika\" \/>\n\t<meta name=\"twitter:data1\" content=\"2 minuuttia\" \/>\n<script type=\"application\/ld+json\" class=\"yoast-schema-graph\">{\"@context\":\"https:\\\/\\\/schema.org\",\"@graph\":[{\"@type\":\"WebPage\",\"@id\":\"https:\\\/\\\/renetec.com\\\/solar-project-developers\\\/\",\"url\":\"https:\\\/\\\/renetec.com\\\/solar-project-developers\\\/\",\"name\":\"Solar project developers - RENETEC\",\"isPartOf\":{\"@id\":\"https:\\\/\\\/renetec.com\\\/#website\"},\"primaryImageOfPage\":{\"@id\":\"https:\\\/\\\/renetec.com\\\/solar-project-developers\\\/#primaryimage\"},\"image\":{\"@id\":\"https:\\\/\\\/renetec.com\\\/solar-project-developers\\\/#primaryimage\"},\"thumbnailUrl\":\"https:\\\/\\\/renetec.com\\\/wp-content\\\/uploads\\\/2023\\\/03\\\/RENETEC_PARK_CHECK.jpg\",\"datePublished\":\"2023-02-28T08:04:30+00:00\",\"dateModified\":\"2025-03-06T20:19:13+00:00\",\"description\":\"Renetec is an internationally operating professional solar energy project development company\",\"breadcrumb\":{\"@id\":\"https:\\\/\\\/renetec.com\\\/solar-project-developers\\\/#breadcrumb\"},\"inLanguage\":\"fi\",\"potentialAction\":[{\"@type\":\"ReadAction\",\"target\":[\"https:\\\/\\\/renetec.com\\\/solar-project-developers\\\/\"]}]},{\"@type\":\"ImageObject\",\"inLanguage\":\"fi\",\"@id\":\"https:\\\/\\\/renetec.com\\\/solar-project-developers\\\/#primaryimage\",\"url\":\"https:\\\/\\\/renetec.com\\\/wp-content\\\/uploads\\\/2023\\\/03\\\/RENETEC_PARK_CHECK.jpg\",\"contentUrl\":\"https:\\\/\\\/renetec.com\\\/wp-content\\\/uploads\\\/2023\\\/03\\\/RENETEC_PARK_CHECK.jpg\"},{\"@type\":\"BreadcrumbList\",\"@id\":\"https:\\\/\\\/renetec.com\\\/solar-project-developers\\\/#breadcrumb\",\"itemListElement\":[{\"@type\":\"ListItem\",\"position\":1,\"name\":\"Home\",\"item\":\"https:\\\/\\\/renetec.com\\\/\"},{\"@type\":\"ListItem\",\"position\":2,\"name\":\"Solar project developers\"}]},{\"@type\":\"WebSite\",\"@id\":\"https:\\\/\\\/renetec.com\\\/#website\",\"url\":\"https:\\\/\\\/renetec.com\\\/\",\"name\":\"RENETEC\",\"description\":\"Rethinking Future\",\"publisher\":{\"@id\":\"https:\\\/\\\/renetec.com\\\/#organization\"},\"potentialAction\":[{\"@type\":\"SearchAction\",\"target\":{\"@type\":\"EntryPoint\",\"urlTemplate\":\"https:\\\/\\\/renetec.com\\\/?s={search_term_string}\"},\"query-input\":{\"@type\":\"PropertyValueSpecification\",\"valueRequired\":true,\"valueName\":\"search_term_string\"}}],\"inLanguage\":\"fi\"},{\"@type\":\"Organization\",\"@id\":\"https:\\\/\\\/renetec.com\\\/#organization\",\"name\":\"RENETEC\",\"url\":\"https:\\\/\\\/renetec.com\\\/\",\"logo\":{\"@type\":\"ImageObject\",\"inLanguage\":\"fi\",\"@id\":\"https:\\\/\\\/renetec.com\\\/#\\\/schema\\\/logo\\\/image\\\/\",\"url\":\"https:\\\/\\\/renetec.com\\\/wp-content\\\/uploads\\\/2023\\\/02\\\/RENETEC_SITELOGO_350.png\",\"contentUrl\":\"https:\\\/\\\/renetec.com\\\/wp-content\\\/uploads\\\/2023\\\/02\\\/RENETEC_SITELOGO_350.png\",\"width\":350,\"height\":41,\"caption\":\"RENETEC\"},\"image\":{\"@id\":\"https:\\\/\\\/renetec.com\\\/#\\\/schema\\\/logo\\\/image\\\/\"}}]}<\/script>\n<!-- \/ Yoast SEO plugin. -->","yoast_head_json":{"title":"Solar project developers - RENETEC","description":"Renetec is an internationally operating professional solar energy project development company","robots":{"index":"index","follow":"follow","max-snippet":"max-snippet:-1","max-image-preview":"max-image-preview:large","max-video-preview":"max-video-preview:-1"},"canonical":"https:\/\/renetec.com\/fi\/solar-project-developers\/","og_locale":"fi_FI","og_type":"article","og_title":"Solar project developers - RENETEC","og_description":"Renetec is an internationally operating professional solar energy project development company","og_url":"https:\/\/renetec.com\/fi\/solar-project-developers\/","og_site_name":"RENETEC","article_modified_time":"2025-03-06T20:19:13+00:00","og_image":[{"width":1920,"height":600,"url":"https:\/\/renetec.com\/wp-content\/uploads\/2023\/03\/RENETEC_PARK_CHECK.jpg","type":"image\/jpeg"}],"twitter_card":"summary_large_image","twitter_misc":{"Arvioitu lukuaika":"2 minuuttia"},"schema":{"@context":"https:\/\/schema.org","@graph":[{"@type":"WebPage","@id":"https:\/\/renetec.com\/solar-project-developers\/","url":"https:\/\/renetec.com\/solar-project-developers\/","name":"Solar project developers - RENETEC","isPartOf":{"@id":"https:\/\/renetec.com\/#website"},"primaryImageOfPage":{"@id":"https:\/\/renetec.com\/solar-project-developers\/#primaryimage"},"image":{"@id":"https:\/\/renetec.com\/solar-project-developers\/#primaryimage"},"thumbnailUrl":"https:\/\/renetec.com\/wp-content\/uploads\/2023\/03\/RENETEC_PARK_CHECK.jpg","datePublished":"2023-02-28T08:04:30+00:00","dateModified":"2025-03-06T20:19:13+00:00","description":"Renetec is an internationally operating professional solar energy project development company","breadcrumb":{"@id":"https:\/\/renetec.com\/solar-project-developers\/#breadcrumb"},"inLanguage":"fi","potentialAction":[{"@type":"ReadAction","target":["https:\/\/renetec.com\/solar-project-developers\/"]}]},{"@type":"ImageObject","inLanguage":"fi","@id":"https:\/\/renetec.com\/solar-project-developers\/#primaryimage","url":"https:\/\/renetec.com\/wp-content\/uploads\/2023\/03\/RENETEC_PARK_CHECK.jpg","contentUrl":"https:\/\/renetec.com\/wp-content\/uploads\/2023\/03\/RENETEC_PARK_CHECK.jpg"},{"@type":"BreadcrumbList","@id":"https:\/\/renetec.com\/solar-project-developers\/#breadcrumb","itemListElement":[{"@type":"ListItem","position":1,"name":"Home","item":"https:\/\/renetec.com\/"},{"@type":"ListItem","position":2,"name":"Solar project developers"}]},{"@type":"WebSite","@id":"https:\/\/renetec.com\/#website","url":"https:\/\/renetec.com\/","name":"RENETEC","description":"Rethinking Future","publisher":{"@id":"https:\/\/renetec.com\/#organization"},"potentialAction":[{"@type":"SearchAction","target":{"@type":"EntryPoint","urlTemplate":"https:\/\/renetec.com\/?s={search_term_string}"},"query-input":{"@type":"PropertyValueSpecification","valueRequired":true,"valueName":"search_term_string"}}],"inLanguage":"fi"},{"@type":"Organization","@id":"https:\/\/renetec.com\/#organization","name":"RENETEC","url":"https:\/\/renetec.com\/","logo":{"@type":"ImageObject","inLanguage":"fi","@id":"https:\/\/renetec.com\/#\/schema\/logo\/image\/","url":"https:\/\/renetec.com\/wp-content\/uploads\/2023\/02\/RENETEC_SITELOGO_350.png","contentUrl":"https:\/\/renetec.com\/wp-content\/uploads\/2023\/02\/RENETEC_SITELOGO_350.png","width":350,"height":41,"caption":"RENETEC"},"image":{"@id":"https:\/\/renetec.com\/#\/schema\/logo\/image\/"}}]}},"_links":{"self":[{"href":"https:\/\/renetec.com\/fi\/wp-json\/wp\/v2\/pages\/624","targetHints":{"allow":["GET"]}}],"collection":[{"href":"https:\/\/renetec.com\/fi\/wp-json\/wp\/v2\/pages"}],"about":[{"href":"https:\/\/renetec.com\/fi\/wp-json\/wp\/v2\/types\/page"}],"author":[{"embeddable":true,"href":"https:\/\/renetec.com\/fi\/wp-json\/wp\/v2\/users\/1"}],"replies":[{"embeddable":true,"href":"https:\/\/renetec.com\/fi\/wp-json\/wp\/v2\/comments?post=624"}],"version-history":[{"count":59,"href":"https:\/\/renetec.com\/fi\/wp-json\/wp\/v2\/pages\/624\/revisions"}],"predecessor-version":[{"id":2838,"href":"https:\/\/renetec.com\/fi\/wp-json\/wp\/v2\/pages\/624\/revisions\/2838"}],"wp:attachment":[{"href":"https:\/\/renetec.com\/fi\/wp-json\/wp\/v2\/media?parent=624"}],"curies":[{"name":"wp","href":"https:\/\/api.w.org\/{rel}","templated":true}]}}