{"id":2568,"date":"2023-06-06T06:57:40","date_gmt":"2023-06-06T03:57:40","guid":{"rendered":"https:\/\/renetec.com\/?page_id=2568"},"modified":"2023-06-06T07:44:15","modified_gmt":"2023-06-06T04:44:15","slug":"techpartners-2","status":"publish","type":"page","link":"https:\/\/renetec.com\/fi\/techpartners-2\/","title":{"rendered":"Techpartners"},"content":{"rendered":"<div data-elementor-type=\"wp-page\" data-elementor-id=\"2568\" class=\"elementor elementor-2568\" data-elementor-post-type=\"page\">\n\t\t\t\t\t\t<section class=\"elementor-section elementor-top-section elementor-element elementor-element-1a33047d elementor-section-full_width elementor-section-height-min-height elementor-section-height-default elementor-section-items-middle\" data-id=\"1a33047d\" data-element_type=\"section\" data-e-type=\"section\">\n\t\t\t\t\t\t\t<div class=\"elementor-background-overlay\"><\/div>\n\t\t\t\t\t\t\t<div class=\"elementor-container elementor-column-gap-default\">\n\t\t\t\t\t<div class=\"elementor-column elementor-col-100 elementor-top-column elementor-element elementor-element-5431192b\" data-id=\"5431192b\" data-element_type=\"column\" data-e-type=\"column\">\n\t\t\t<div class=\"elementor-widget-wrap elementor-element-populated\">\n\t\t\t\t\t\t<div class=\"elementor-element elementor-element-2dfa4835 elementor-widget elementor-widget-image\" data-id=\"2dfa4835\" data-element_type=\"widget\" data-e-type=\"widget\" data-widget_type=\"image.default\">\n\t\t\t\t<div class=\"elementor-widget-container\">\n\t\t\t\t\t\t\t\t\t\t\t\t\t\t\t<img fetchpriority=\"high\" decoding=\"async\" width=\"1920\" height=\"600\" src=\"https:\/\/renetec.com\/wp-content\/uploads\/2023\/06\/RENETEC_TECHPARTNERS_1920X600.jpg\" class=\"attachment-full size-full wp-image-2576\" alt=\"\" srcset=\"https:\/\/renetec.com\/wp-content\/uploads\/2023\/06\/RENETEC_TECHPARTNERS_1920X600.jpg 1920w, https:\/\/renetec.com\/wp-content\/uploads\/2023\/06\/RENETEC_TECHPARTNERS_1920X600-300x94.jpg 300w, https:\/\/renetec.com\/wp-content\/uploads\/2023\/06\/RENETEC_TECHPARTNERS_1920X600-1024x320.jpg 1024w, https:\/\/renetec.com\/wp-content\/uploads\/2023\/06\/RENETEC_TECHPARTNERS_1920X600-768x240.jpg 768w, https:\/\/renetec.com\/wp-content\/uploads\/2023\/06\/RENETEC_TECHPARTNERS_1920X600-1536x480.jpg 1536w, https:\/\/renetec.com\/wp-content\/uploads\/2023\/06\/RENETEC_TECHPARTNERS_1920X600-18x6.jpg 18w\" sizes=\"(max-width: 1920px) 100vw, 1920px\" \/>\t\t\t\t\t\t\t\t\t\t\t\t\t\t\t<\/div>\n\t\t\t\t<\/div>\n\t\t\t\t\t<\/div>\n\t\t<\/div>\n\t\t\t\t\t<\/div>\n\t\t<\/section>\n\t\t\t\t<section class=\"elementor-section elementor-top-section elementor-element elementor-element-62f55fa9 elementor-section-boxed elementor-section-height-default elementor-section-height-default elementor-invisible\" data-id=\"62f55fa9\" data-element_type=\"section\" data-e-type=\"section\" data-settings=\"{&quot;animation&quot;:&quot;fadeIn&quot;}\">\n\t\t\t\t\t\t<div class=\"elementor-container elementor-column-gap-default\">\n\t\t\t\t\t<div class=\"elementor-column elementor-col-100 elementor-top-column elementor-element elementor-element-7820485c\" data-id=\"7820485c\" data-element_type=\"column\" data-e-type=\"column\">\n\t\t\t<div class=\"elementor-widget-wrap elementor-element-populated\">\n\t\t\t\t\t\t<section class=\"elementor-section elementor-inner-section elementor-element elementor-element-1dfee68f elementor-section-boxed elementor-section-height-default elementor-section-height-default elementor-invisible\" data-id=\"1dfee68f\" data-element_type=\"section\" data-e-type=\"section\" data-settings=\"{&quot;animation&quot;:&quot;fadeIn&quot;}\">\n\t\t\t\t\t\t<div class=\"elementor-container elementor-column-gap-default\">\n\t\t\t\t\t<div class=\"elementor-column elementor-col-50 elementor-inner-column elementor-element elementor-element-4ca35e9e\" data-id=\"4ca35e9e\" data-element_type=\"column\" data-e-type=\"column\">\n\t\t\t<div class=\"elementor-widget-wrap elementor-element-populated\">\n\t\t\t\t\t\t<div class=\"elementor-element elementor-element-20215865 elementor-widget elementor-widget-image\" data-id=\"20215865\" data-element_type=\"widget\" data-e-type=\"widget\" data-widget_type=\"image.default\">\n\t\t\t\t<div class=\"elementor-widget-container\">\n\t\t\t\t\t\t\t\t\t\t\t\t\t\t\t<img decoding=\"async\" width=\"150\" height=\"200\" src=\"https:\/\/renetec.com\/wp-content\/uploads\/2023\/03\/RENETEC_ARROW_BULLET.png\" class=\"attachment-medium size-medium wp-image-1387\" alt=\"\" \/>\t\t\t\t\t\t\t\t\t\t\t\t\t\t\t<\/div>\n\t\t\t\t<\/div>\n\t\t\t\t\t<\/div>\n\t\t<\/div>\n\t\t\t\t<div class=\"elementor-column elementor-col-50 elementor-inner-column elementor-element elementor-element-29e02473\" data-id=\"29e02473\" data-element_type=\"column\" data-e-type=\"column\">\n\t\t\t<div class=\"elementor-widget-wrap elementor-element-populated\">\n\t\t\t\t\t\t<div class=\"elementor-element elementor-element-69b949c5 elementor-widget elementor-widget-heading\" data-id=\"69b949c5\" data-element_type=\"widget\" data-e-type=\"widget\" data-widget_type=\"heading.default\">\n\t\t\t\t<div class=\"elementor-widget-container\">\n\t\t\t\t\t<h1 class=\"elementor-heading-title elementor-size-default\">KUMPPANIT<\/h1>\t\t\t\t<\/div>\n\t\t\t\t<\/div>\n\t\t\t\t\t<\/div>\n\t\t<\/div>\n\t\t\t\t\t<\/div>\n\t\t<\/section>\n\t\t\t\t\t<\/div>\n\t\t<\/div>\n\t\t\t\t\t<\/div>\n\t\t<\/section>\n\t\t\t\t<section class=\"elementor-section elementor-top-section elementor-element elementor-element-bf5bb06 elementor-section-boxed elementor-section-height-default elementor-section-height-default elementor-invisible\" data-id=\"bf5bb06\" data-element_type=\"section\" data-e-type=\"section\" data-settings=\"{&quot;animation&quot;:&quot;fadeIn&quot;}\">\n\t\t\t\t\t\t<div class=\"elementor-container elementor-column-gap-default\">\n\t\t\t\t\t<div class=\"elementor-column elementor-col-100 elementor-top-column elementor-element elementor-element-23b0413\" data-id=\"23b0413\" data-element_type=\"column\" data-e-type=\"column\">\n\t\t\t<div class=\"elementor-widget-wrap elementor-element-populated\">\n\t\t\t\t\t\t<div class=\"elementor-element elementor-element-2808c283 elementor-widget elementor-widget-text-editor\" data-id=\"2808c283\" data-element_type=\"widget\" data-e-type=\"widget\" data-widget_type=\"text-editor.default\">\n\t\t\t\t<div class=\"elementor-widget-container\">\n\t\t\t\t\t\t\t\t\t<p><strong>Alan johtavien asiantuntijoiden ja teknologiatoimittajien kanssa kumppanoituminen on meille kunnia-asia. Se mahdollistaa hankekohtaisesti sopivimpien komponenttien k\u00e4yt\u00f6n, ja siten parhaat tulokset.<\/strong><\/p>\t\t\t\t\t\t\t\t<\/div>\n\t\t\t\t<\/div>\n\t\t\t\t\t<\/div>\n\t\t<\/div>\n\t\t\t\t\t<\/div>\n\t\t<\/section>\n\t\t<div class=\"elementor-element elementor-element-0898dfc e-flex e-con-boxed elementor-invisible e-con e-parent\" data-id=\"0898dfc\" data-element_type=\"container\" data-e-type=\"container\" data-settings=\"{&quot;animation&quot;:&quot;fadeIn&quot;}\">\n\t\t\t\t\t<div class=\"e-con-inner\">\n\t\t<div class=\"elementor-element elementor-element-594dc3f e-con-full e-flex e-con e-child\" data-id=\"594dc3f\" data-element_type=\"container\" data-e-type=\"container\">\n\t\t\t\t<div class=\"elementor-element elementor-element-1b3b750 elementor-widget elementor-widget-heading\" data-id=\"1b3b750\" data-element_type=\"widget\" data-e-type=\"widget\" data-widget_type=\"heading.default\">\n\t\t\t\t<div class=\"elementor-widget-container\">\n\t\t\t\t\t<h2 class=\"elementor-heading-title elementor-size-default\">AE Solar<\/h2>\t\t\t\t<\/div>\n\t\t\t\t<\/div>\n\t\t\t\t<div class=\"elementor-element elementor-element-0a4df6f elementor-widget elementor-widget-text-editor\" data-id=\"0a4df6f\" data-element_type=\"widget\" data-e-type=\"widget\" data-widget_type=\"text-editor.default\">\n\t\t\t\t<div class=\"elementor-widget-container\">\n\t\t\t\t\t\t\t\t\t<p>AE Solar tunnetaan suorituskykyisist\u00e4 ja huippulaatuisista aurinkokennoistaan. Yritys on erikoistunut aurinkokennoteknologian innovointiin, sovelluksiin ja j\u00e4rjestelm\u00e4kehitykseen.<br \/><br \/><a href=\"https:\/\/ae-solar.com\/\">Lis\u00e4tietoja: ae-solar.com<\/a><\/p>\t\t\t\t\t\t\t\t<\/div>\n\t\t\t\t<\/div>\n\t\t\t\t<div class=\"elementor-element elementor-element-e17d50e elementor-widget elementor-widget-image\" data-id=\"e17d50e\" data-element_type=\"widget\" data-e-type=\"widget\" data-widget_type=\"image.default\">\n\t\t\t\t<div class=\"elementor-widget-container\">\n\t\t\t\t\t\t\t\t\t\t\t\t\t\t\t<img decoding=\"async\" width=\"300\" height=\"169\" src=\"https:\/\/renetec.com\/wp-content\/uploads\/2023\/06\/AESOLAR_540X3042-300x169.png\" class=\"attachment-medium size-medium wp-image-2575\" alt=\"\" srcset=\"https:\/\/renetec.com\/wp-content\/uploads\/2023\/06\/AESOLAR_540X3042-300x169.png 300w, https:\/\/renetec.com\/wp-content\/uploads\/2023\/06\/AESOLAR_540X3042-18x10.png 18w, https:\/\/renetec.com\/wp-content\/uploads\/2023\/06\/AESOLAR_540X3042.png 540w\" sizes=\"(max-width: 300px) 100vw, 300px\" \/>\t\t\t\t\t\t\t\t\t\t\t\t\t\t\t<\/div>\n\t\t\t\t<\/div>\n\t\t\t\t<\/div>\n\t\t<div class=\"elementor-element elementor-element-5b8458e e-con-full e-flex e-con e-child\" data-id=\"5b8458e\" data-element_type=\"container\" data-e-type=\"container\">\n\t\t\t\t<div class=\"elementor-element elementor-element-1dc6b0b elementor-widget elementor-widget-heading\" data-id=\"1dc6b0b\" data-element_type=\"widget\" data-e-type=\"widget\" data-widget_type=\"heading.default\">\n\t\t\t\t<div class=\"elementor-widget-container\">\n\t\t\t\t\t<h2 class=\"elementor-heading-title elementor-size-default\">KACO New energy<\/h2>\t\t\t\t<\/div>\n\t\t\t\t<\/div>\n\t\t\t\t<div class=\"elementor-element elementor-element-1bb92cf elementor-widget elementor-widget-text-editor\" data-id=\"1bb92cf\" data-element_type=\"widget\" data-e-type=\"widget\" data-widget_type=\"text-editor.default\">\n\t\t\t\t<div class=\"elementor-widget-container\">\n\t\t\t\t\t\t\t\t\t<p>KACO edustaa riippumattomien ja hajautettujen energiaj\u00e4rjestelmien huippuosaamista. Yhti\u00f6n invertterit on suunniteltu sopimaan erityisesti uusiutuvien energial\u00e4hteiden tehokkaaseen hy\u00f6dynt\u00e4miseen maailmanlaajuisesti.<\/p><p><a href=\"https:\/\/kaco-newenergy.com\/\">Lis\u00e4tietoja: kaco-newenergy.com<\/a><\/p>\t\t\t\t\t\t\t\t<\/div>\n\t\t\t\t<\/div>\n\t\t\t\t<div class=\"elementor-element elementor-element-f309b7f elementor-widget elementor-widget-image\" data-id=\"f309b7f\" data-element_type=\"widget\" data-e-type=\"widget\" data-widget_type=\"image.default\">\n\t\t\t\t<div class=\"elementor-widget-container\">\n\t\t\t\t\t\t\t\t\t\t\t\t\t\t\t<img loading=\"lazy\" decoding=\"async\" width=\"300\" height=\"169\" src=\"https:\/\/renetec.com\/wp-content\/uploads\/2023\/06\/KACO_540X304-300x169.png\" class=\"attachment-medium size-medium wp-image-2574\" alt=\"\" srcset=\"https:\/\/renetec.com\/wp-content\/uploads\/2023\/06\/KACO_540X304-300x169.png 300w, https:\/\/renetec.com\/wp-content\/uploads\/2023\/06\/KACO_540X304-18x10.png 18w, https:\/\/renetec.com\/wp-content\/uploads\/2023\/06\/KACO_540X304.png 540w\" sizes=\"(max-width: 300px) 100vw, 300px\" \/>\t\t\t\t\t\t\t\t\t\t\t\t\t\t\t<\/div>\n\t\t\t\t<\/div>\n\t\t\t\t<\/div>\n\t\t\t\t\t<\/div>\n\t\t\t\t<\/div>\n\t\t\t\t<\/div>","protected":false},"excerpt":{"rendered":"<p>PARTNERS We are proud to partner with globally leading experts and technology providers to reach optimal results for each project. AE Solar AE Solar brand has become synonymous with high-performing, top-quality photovoltaic modules and has specialized in PV technology innovation, application, and system development. For more infomation &#8211; ae-solar.com KACO New energy KACO stands for [&hellip;]<\/p>\n","protected":false},"author":1,"featured_media":0,"parent":0,"menu_order":0,"comment_status":"closed","ping_status":"closed","template":"","meta":{"site-sidebar-layout":"no-sidebar","site-content-layout":"page-builder","ast-site-content-layout":"default","site-content-style":"default","site-sidebar-style":"default","ast-global-header-display":"","ast-banner-title-visibility":"","ast-main-header-display":"","ast-hfb-above-header-display":"","ast-hfb-below-header-display":"","ast-hfb-mobile-header-display":"","site-post-title":"disabled","ast-breadcrumbs-content":"","ast-featured-img":"disabled","footer-sml-layout":"","ast-disable-related-posts":"","theme-transparent-header-meta":"","adv-header-id-meta":"","stick-header-meta":"","header-above-stick-meta":"","header-main-stick-meta":"","header-below-stick-meta":"","astra-migrate-meta-layouts":"default","ast-page-background-enabled":"default","ast-page-background-meta":{"desktop":{"background-color":"var(--ast-global-color-4)","background-image":"","background-repeat":"repeat","background-position":"center center","background-size":"auto","background-attachment":"scroll","background-type":"","background-media":"","overlay-type":"","overlay-color":"","overlay-opacity":"","overlay-gradient":""},"tablet":{"background-color":"","background-image":"","background-repeat":"repeat","background-position":"center center","background-size":"auto","background-attachment":"scroll","background-type":"","background-media":"","overlay-type":"","overlay-color":"","overlay-opacity":"","overlay-gradient":""},"mobile":{"background-color":"","background-image":"","background-repeat":"repeat","background-position":"center center","background-size":"auto","background-attachment":"scroll","background-type":"","background-media":"","overlay-type":"","overlay-color":"","overlay-opacity":"","overlay-gradient":""}},"ast-content-background-meta":{"desktop":{"background-color":"var(--ast-global-color-5)","background-image":"","background-repeat":"repeat","background-position":"center center","background-size":"auto","background-attachment":"scroll","background-type":"","background-media":"","overlay-type":"","overlay-color":"","overlay-opacity":"","overlay-gradient":""},"tablet":{"background-color":"var(--ast-global-color-5)","background-image":"","background-repeat":"repeat","background-position":"center center","background-size":"auto","background-attachment":"scroll","background-type":"","background-media":"","overlay-type":"","overlay-color":"","overlay-opacity":"","overlay-gradient":""},"mobile":{"background-color":"var(--ast-global-color-5)","background-image":"","background-repeat":"repeat","background-position":"center center","background-size":"auto","background-attachment":"scroll","background-type":"","background-media":"","overlay-type":"","overlay-color":"","overlay-opacity":"","overlay-gradient":""}},"footnotes":""},"class_list":["post-2568","page","type-page","status-publish","hentry"],"yoast_head":"<!-- This site is optimized with the Yoast SEO plugin v27.3 - https:\/\/yoast.com\/product\/yoast-seo-wordpress\/ -->\n<title>Techpartners - RENETEC<\/title>\n<meta name=\"robots\" content=\"index, follow, max-snippet:-1, max-image-preview:large, max-video-preview:-1\" \/>\n<link rel=\"canonical\" href=\"https:\/\/renetec.com\/fi\/techpartners-2\/\" \/>\n<meta property=\"og:locale\" content=\"fi_FI\" \/>\n<meta property=\"og:type\" content=\"article\" \/>\n<meta property=\"og:title\" content=\"Techpartners - RENETEC\" \/>\n<meta property=\"og:description\" content=\"PARTNERS We are proud to partner with globally leading experts and technology providers to reach optimal results for each project. AE Solar AE Solar brand has become synonymous with high-performing, top-quality photovoltaic modules and has specialized in PV technology innovation, application, and system development. For more infomation &#8211; ae-solar.com KACO New energy KACO stands for [&hellip;]\" \/>\n<meta property=\"og:url\" content=\"https:\/\/renetec.com\/fi\/techpartners-2\/\" \/>\n<meta property=\"og:site_name\" content=\"RENETEC\" \/>\n<meta property=\"article:modified_time\" content=\"2023-06-06T04:44:15+00:00\" \/>\n<meta property=\"og:image\" content=\"https:\/\/renetec.com\/wp-content\/uploads\/2023\/06\/RENETEC_TECHPARTNERS_1920X600.jpg\" \/>\n<meta name=\"twitter:card\" content=\"summary_large_image\" \/>\n<meta name=\"twitter:label1\" content=\"Arvioitu lukuaika\" \/>\n\t<meta name=\"twitter:data1\" content=\"2 minuuttia\" \/>\n<script type=\"application\/ld+json\" class=\"yoast-schema-graph\">{\"@context\":\"https:\\\/\\\/schema.org\",\"@graph\":[{\"@type\":\"WebPage\",\"@id\":\"https:\\\/\\\/renetec.com\\\/techpartners-2\\\/\",\"url\":\"https:\\\/\\\/renetec.com\\\/techpartners-2\\\/\",\"name\":\"Techpartners - RENETEC\",\"isPartOf\":{\"@id\":\"https:\\\/\\\/renetec.com\\\/#website\"},\"primaryImageOfPage\":{\"@id\":\"https:\\\/\\\/renetec.com\\\/techpartners-2\\\/#primaryimage\"},\"image\":{\"@id\":\"https:\\\/\\\/renetec.com\\\/techpartners-2\\\/#primaryimage\"},\"thumbnailUrl\":\"https:\\\/\\\/renetec.com\\\/wp-content\\\/uploads\\\/2023\\\/06\\\/RENETEC_TECHPARTNERS_1920X600.jpg\",\"datePublished\":\"2023-06-06T03:57:40+00:00\",\"dateModified\":\"2023-06-06T04:44:15+00:00\",\"breadcrumb\":{\"@id\":\"https:\\\/\\\/renetec.com\\\/techpartners-2\\\/#breadcrumb\"},\"inLanguage\":\"fi\",\"potentialAction\":[{\"@type\":\"ReadAction\",\"target\":[\"https:\\\/\\\/renetec.com\\\/techpartners-2\\\/\"]}]},{\"@type\":\"ImageObject\",\"inLanguage\":\"fi\",\"@id\":\"https:\\\/\\\/renetec.com\\\/techpartners-2\\\/#primaryimage\",\"url\":\"https:\\\/\\\/renetec.com\\\/wp-content\\\/uploads\\\/2023\\\/06\\\/RENETEC_TECHPARTNERS_1920X600.jpg\",\"contentUrl\":\"https:\\\/\\\/renetec.com\\\/wp-content\\\/uploads\\\/2023\\\/06\\\/RENETEC_TECHPARTNERS_1920X600.jpg\"},{\"@type\":\"BreadcrumbList\",\"@id\":\"https:\\\/\\\/renetec.com\\\/techpartners-2\\\/#breadcrumb\",\"itemListElement\":[{\"@type\":\"ListItem\",\"position\":1,\"name\":\"Home\",\"item\":\"https:\\\/\\\/renetec.com\\\/\"},{\"@type\":\"ListItem\",\"position\":2,\"name\":\"Techpartners\"}]},{\"@type\":\"WebSite\",\"@id\":\"https:\\\/\\\/renetec.com\\\/#website\",\"url\":\"https:\\\/\\\/renetec.com\\\/\",\"name\":\"RENETEC\",\"description\":\"Rethinking Future\",\"publisher\":{\"@id\":\"https:\\\/\\\/renetec.com\\\/#organization\"},\"potentialAction\":[{\"@type\":\"SearchAction\",\"target\":{\"@type\":\"EntryPoint\",\"urlTemplate\":\"https:\\\/\\\/renetec.com\\\/?s={search_term_string}\"},\"query-input\":{\"@type\":\"PropertyValueSpecification\",\"valueRequired\":true,\"valueName\":\"search_term_string\"}}],\"inLanguage\":\"fi\"},{\"@type\":\"Organization\",\"@id\":\"https:\\\/\\\/renetec.com\\\/#organization\",\"name\":\"RENETEC\",\"url\":\"https:\\\/\\\/renetec.com\\\/\",\"logo\":{\"@type\":\"ImageObject\",\"inLanguage\":\"fi\",\"@id\":\"https:\\\/\\\/renetec.com\\\/#\\\/schema\\\/logo\\\/image\\\/\",\"url\":\"https:\\\/\\\/renetec.com\\\/wp-content\\\/uploads\\\/2023\\\/02\\\/RENETEC_SITELOGO_350.png\",\"contentUrl\":\"https:\\\/\\\/renetec.com\\\/wp-content\\\/uploads\\\/2023\\\/02\\\/RENETEC_SITELOGO_350.png\",\"width\":350,\"height\":41,\"caption\":\"RENETEC\"},\"image\":{\"@id\":\"https:\\\/\\\/renetec.com\\\/#\\\/schema\\\/logo\\\/image\\\/\"}}]}<\/script>\n<!-- \/ Yoast SEO plugin. -->","yoast_head_json":{"title":"Techpartners - RENETEC","robots":{"index":"index","follow":"follow","max-snippet":"max-snippet:-1","max-image-preview":"max-image-preview:large","max-video-preview":"max-video-preview:-1"},"canonical":"https:\/\/renetec.com\/fi\/techpartners-2\/","og_locale":"fi_FI","og_type":"article","og_title":"Techpartners - RENETEC","og_description":"PARTNERS We are proud to partner with globally leading experts and technology providers to reach optimal results for each project. AE Solar AE Solar brand has become synonymous with high-performing, top-quality photovoltaic modules and has specialized in PV technology innovation, application, and system development. For more infomation &#8211; ae-solar.com KACO New energy KACO stands for [&hellip;]","og_url":"https:\/\/renetec.com\/fi\/techpartners-2\/","og_site_name":"RENETEC","article_modified_time":"2023-06-06T04:44:15+00:00","og_image":[{"url":"https:\/\/renetec.com\/wp-content\/uploads\/2023\/06\/RENETEC_TECHPARTNERS_1920X600.jpg","type":"","width":"","height":""}],"twitter_card":"summary_large_image","twitter_misc":{"Arvioitu lukuaika":"2 minuuttia"},"schema":{"@context":"https:\/\/schema.org","@graph":[{"@type":"WebPage","@id":"https:\/\/renetec.com\/techpartners-2\/","url":"https:\/\/renetec.com\/techpartners-2\/","name":"Techpartners - RENETEC","isPartOf":{"@id":"https:\/\/renetec.com\/#website"},"primaryImageOfPage":{"@id":"https:\/\/renetec.com\/techpartners-2\/#primaryimage"},"image":{"@id":"https:\/\/renetec.com\/techpartners-2\/#primaryimage"},"thumbnailUrl":"https:\/\/renetec.com\/wp-content\/uploads\/2023\/06\/RENETEC_TECHPARTNERS_1920X600.jpg","datePublished":"2023-06-06T03:57:40+00:00","dateModified":"2023-06-06T04:44:15+00:00","breadcrumb":{"@id":"https:\/\/renetec.com\/techpartners-2\/#breadcrumb"},"inLanguage":"fi","potentialAction":[{"@type":"ReadAction","target":["https:\/\/renetec.com\/techpartners-2\/"]}]},{"@type":"ImageObject","inLanguage":"fi","@id":"https:\/\/renetec.com\/techpartners-2\/#primaryimage","url":"https:\/\/renetec.com\/wp-content\/uploads\/2023\/06\/RENETEC_TECHPARTNERS_1920X600.jpg","contentUrl":"https:\/\/renetec.com\/wp-content\/uploads\/2023\/06\/RENETEC_TECHPARTNERS_1920X600.jpg"},{"@type":"BreadcrumbList","@id":"https:\/\/renetec.com\/techpartners-2\/#breadcrumb","itemListElement":[{"@type":"ListItem","position":1,"name":"Home","item":"https:\/\/renetec.com\/"},{"@type":"ListItem","position":2,"name":"Techpartners"}]},{"@type":"WebSite","@id":"https:\/\/renetec.com\/#website","url":"https:\/\/renetec.com\/","name":"RENETEC","description":"Rethinking Future","publisher":{"@id":"https:\/\/renetec.com\/#organization"},"potentialAction":[{"@type":"SearchAction","target":{"@type":"EntryPoint","urlTemplate":"https:\/\/renetec.com\/?s={search_term_string}"},"query-input":{"@type":"PropertyValueSpecification","valueRequired":true,"valueName":"search_term_string"}}],"inLanguage":"fi"},{"@type":"Organization","@id":"https:\/\/renetec.com\/#organization","name":"RENETEC","url":"https:\/\/renetec.com\/","logo":{"@type":"ImageObject","inLanguage":"fi","@id":"https:\/\/renetec.com\/#\/schema\/logo\/image\/","url":"https:\/\/renetec.com\/wp-content\/uploads\/2023\/02\/RENETEC_SITELOGO_350.png","contentUrl":"https:\/\/renetec.com\/wp-content\/uploads\/2023\/02\/RENETEC_SITELOGO_350.png","width":350,"height":41,"caption":"RENETEC"},"image":{"@id":"https:\/\/renetec.com\/#\/schema\/logo\/image\/"}}]}},"_links":{"self":[{"href":"https:\/\/renetec.com\/fi\/wp-json\/wp\/v2\/pages\/2568","targetHints":{"allow":["GET"]}}],"collection":[{"href":"https:\/\/renetec.com\/fi\/wp-json\/wp\/v2\/pages"}],"about":[{"href":"https:\/\/renetec.com\/fi\/wp-json\/wp\/v2\/types\/page"}],"author":[{"embeddable":true,"href":"https:\/\/renetec.com\/fi\/wp-json\/wp\/v2\/users\/1"}],"replies":[{"embeddable":true,"href":"https:\/\/renetec.com\/fi\/wp-json\/wp\/v2\/comments?post=2568"}],"version-history":[{"count":52,"href":"https:\/\/renetec.com\/fi\/wp-json\/wp\/v2\/pages\/2568\/revisions"}],"predecessor-version":[{"id":2627,"href":"https:\/\/renetec.com\/fi\/wp-json\/wp\/v2\/pages\/2568\/revisions\/2627"}],"wp:attachment":[{"href":"https:\/\/renetec.com\/fi\/wp-json\/wp\/v2\/media?parent=2568"}],"curies":[{"name":"wp","href":"https:\/\/api.w.org\/{rel}","templated":true}]}}