{"id":1300,"date":"2023-03-01T12:40:00","date_gmt":"2023-03-01T10:40:00","guid":{"rendered":"https:\/\/renetec.com\/?page_id=1300"},"modified":"2023-10-31T20:02:25","modified_gmt":"2023-10-31T18:02:25","slug":"privacy","status":"publish","type":"page","link":"https:\/\/renetec.com\/fi\/privacy\/","title":{"rendered":"Privacy"},"content":{"rendered":"<div data-elementor-type=\"wp-page\" data-elementor-id=\"1300\" class=\"elementor elementor-1300\" data-elementor-post-type=\"page\">\n\t\t\t\t\t\t<section class=\"elementor-section elementor-top-section elementor-element elementor-element-3b3859d4 elementor-section-boxed elementor-section-height-default elementor-section-height-default elementor-invisible\" data-id=\"3b3859d4\" data-element_type=\"section\" data-e-type=\"section\" data-settings=\"{&quot;animation&quot;:&quot;fadeIn&quot;}\">\n\t\t\t\t\t\t<div class=\"elementor-container elementor-column-gap-default\">\n\t\t\t\t\t<div class=\"elementor-column elementor-col-100 elementor-top-column elementor-element elementor-element-5f9ab47d\" data-id=\"5f9ab47d\" data-element_type=\"column\" data-e-type=\"column\">\n\t\t\t<div class=\"elementor-widget-wrap elementor-element-populated\">\n\t\t\t\t\t\t<div class=\"elementor-element elementor-element-285f7727 elementor-widget elementor-widget-heading\" data-id=\"285f7727\" data-element_type=\"widget\" data-e-type=\"widget\" data-widget_type=\"heading.default\">\n\t\t\t\t<div class=\"elementor-widget-container\">\n\t\t\t\t\t<h1 class=\"elementor-heading-title elementor-size-default\">Tietosuojaseloste<\/h1>\t\t\t\t<\/div>\n\t\t\t\t<\/div>\n\t\t\t\t<div class=\"elementor-element elementor-element-73be8f7f elementor-widget elementor-widget-text-editor\" data-id=\"73be8f7f\" data-element_type=\"widget\" data-e-type=\"widget\" data-widget_type=\"text-editor.default\">\n\t\t\t\t<div class=\"elementor-widget-container\">\n\t\t\t\t\t\t\t\t\t<p>Sivustomme osoite<br \/>https:\/\/renetec.com<\/p><p>K\u00e4ytt\u00e4m\u00e4ll\u00e4 palvelujamme, verkkosivustoamme tai ottamalla meihin yhteytt\u00e4, hyv\u00e4ksyt ett\u00e4 k\u00e4sittelemme sinua koskevia henkil\u00f6tietoja t\u00e4m\u00e4n tietosuojaselosteen mukaisesti.\u00a0<br \/>Renetec Oy (Rekisterinpit\u00e4j\u00e4) on sitoutunut noudattamaan toiminnassaan voimassa olevaa Euroopan unionin ja Suomen tietosuojaa ja tietoturvaa koskevia s\u00e4\u00e4nn\u00f6ksi\u00e4. Kaikki henkil\u00f6tietojen k\u00e4sittely tapahtuu voimassa olevien lakien mukaisesti.\u00a0<\/p><h3>RENETECIN OIKEUS K\u00c4SITELL\u00c4 HENKIL\u00d6TIETOJA<\/h3><div><span style=\"font-style: inherit; font-weight: inherit; background-color: var(--ast-global-color-5); color: var( --e-global-color-text );\">Renetecin henkil\u00f6tietojen k\u00e4sittelyn lainmukaisuus perustuu muun muassa seuraaviin perusteisiin:<\/span><\/div><ul><li><span style=\"font-size: 16px;\">Olet antanut suostumuksesi henkil\u00f6tietojen k\u00e4sittelyyn.<\/span><\/li><li>Henkil\u00f6tietojesi k\u00e4sittely\u00e4 vaaditaan sopimuksen t\u00e4yt\u00e4nt\u00f6\u00f6n panemiseksi.<\/li><li>K\u00e4sittelemme henkil\u00f6tietojasi, jotka ovat tarpeen meit\u00e4 velvoittavan lain tai m\u00e4\u00e4r\u00e4yksen toteuttamiseksi.<\/li><li>K\u00e4sittely on tarpeen yrityksen oikeutettujen etujen toteuttamiseksi (oikeutettu etu voi tulla kyseeseen esimerkiksi suoramarkkinoinnissa).<\/li><\/ul><h3>REKISTERIN TIETOJA KER\u00c4T\u00c4\u00c4N JA K\u00c4SITELL\u00c4\u00c4N<\/h3><ul><li>rekisterinpit\u00e4j\u00e4n ja asiakkaiden sek\u00e4 eri sidosryhmien v\u00e4listen sopimusvelvoitteiden t\u00e4ytt\u00e4miseen.<\/li><li>asiakkaiden asiakassuhteen hoitamiseen ja kehitt\u00e4miseen.<\/li><li>asiakaspalautteen ker\u00e4\u00e4miseen ja asiakaskokemuksen mittaamiseen.<\/li><li>markkinointiin, markkinatutkimukseen ja markkinointikilpailuiden j\u00e4rjest\u00e4miseen.<\/li><li>tilastointiin ja analysointiin.<\/li><\/ul><p>Henkil\u00f6tietojen s\u00e4ilytysajoissa noudatetaan lakia.<\/p><h3>REKISTERIN S\u00c4\u00c4NN\u00d6NMUKAISET TIETOL\u00c4HTEET<\/h3><p>Henkil\u00f6tietoja ker\u00e4t\u00e4\u00e4n seuraavista tietol\u00e4hteist\u00e4:<\/p><ul><li><span style=\"background-color: var(--ast-global-color-5); color: var( --e-global-color-text ); font-style: inherit; font-weight: inherit;\">Rekister\u00f6idylt\u00e4 itselt\u00e4\u00e4n, kuten s\u00e4hk\u00f6isten lomakkeiden, s\u00e4hk\u00f6postin tai sosiaalisen median palveluiden kautta.<\/span><\/li><li>Rekisterinpit\u00e4j\u00e4n verkkosivuston kautta (uutiskirjetilaukset, materiaalilataukset, tapahtumiin ilmoittautumiset).<\/li><li>Asiakas- ja sidosryhm\u00e4tapaamiset.<\/li><li>Yleisesti saatavilla olevat tietol\u00e4hteet, kuten julkiset ja yksityiset rekisterit.<\/li><\/ul><p>Lis\u00e4ksi Rekisterinpit\u00e4j\u00e4 ker\u00e4\u00e4 k\u00e4vij\u00e4tietoa verkkosivusta k\u00e4ytt\u00e4en Google Ads- ja Google Analytics-palveluita, jotta Rekisterinpit\u00e4j\u00e4 voi analysoida ja kehitt\u00e4\u00e4 sivustoa entist\u00e4kin paremmaksi ja kohdentaa sivuston k\u00e4vij\u00f6ille relevanttia markkinointia. Tiedot tallentuvat automaattisesti rekisteriin k\u00e4ytt\u00e4j\u00e4n vieraillessa Renetec.com -sivustolla.<\/p><h3>EV\u00c4STEET SIVUSTOLLA RENETEC.COM<\/h3><p>Rekisterinpit\u00e4j\u00e4 k\u00e4ytt\u00e4\u00e4 sivustoillaan ev\u00e4steit\u00e4 k\u00e4ytt\u00f6kokemuksen parantamiseksi sek\u00e4 mainonnan kohdentamiseksi. Ev\u00e4steet ovat pieni\u00e4, selaimen pyynn\u00f6st\u00e4 k\u00e4ytt\u00e4j\u00e4n tietokoneelle l\u00e4hetett\u00e4vi\u00e4 ja siell\u00e4 s\u00e4ilytett\u00e4vi\u00e4 tekstitiedostoja.<\/p><p>Rekisterinpit\u00e4j\u00e4n k\u00e4ytt\u00e4m\u00e4t ev\u00e4steet liittyv\u00e4t markkinoinnin kohdentamiseen (Google Ads), verkkosivuston k\u00e4vij\u00e4tietojen analysointiin ja seurantaan (Google Analytics) sek\u00e4 Rekisterinpit\u00e4j\u00e4n k\u00e4ytt\u00e4miin sosiaalisen median kanaviin (ml. LinkedIn, YouTube, Twitter, Instagram ja Facebook). Ohjelmistot tallentavat muun muassa tietoja siit\u00e4, mill\u00e4 sivulla henkil\u00f6 k\u00e4y, kuinka kauan t\u00e4ll\u00e4 sivustolla viivyt\u00e4\u00e4n, mit\u00e4 kautta sivustolle on tultu ja mit\u00e4 linkkej\u00e4 henkil\u00f6 klikkaa.<\/p><p>Ev\u00e4steet voi kielt\u00e4\u00e4 s\u00e4\u00e4t\u00e4m\u00e4ll\u00e4 useimpien selaimen asetuksia. Rekister\u00f6ityj\u00e4 pyydet\u00e4\u00e4n huomioimaan, ett\u00e4 verkkopalvelu ei t\u00e4ll\u00f6in v\u00e4ltt\u00e4m\u00e4tt\u00e4 toimi h\u00e4iri\u00f6itt\u00e4.<\/p><h3>TIETOTURVA<\/h3><p>Rekister\u00f6idyill\u00e4 on oikeus pyydett\u00e4ess\u00e4 saada tieto miss\u00e4 h\u00e4nen tietojansa yrityksess\u00e4 s\u00e4ilytet\u00e4\u00e4n. Rekister\u00f6idyll\u00e4 on oikeus oikaista antamiaan tietoja rekisteripit\u00e4j\u00e4lle, lis\u00e4ksi rekister\u00f6idyll\u00e4 on oikeus pyyt\u00e4\u00e4 tulla unohdetuksi niilt\u00e4 osin mit\u00e4 laki tai sopimus ei velvoita.<\/p><p>Rekister\u00f6idyn tietoja s\u00e4ilytet\u00e4\u00e4n palveluntarjoajamme palvelimilla, jotka on suojattu asianmukaisesti. Ker\u00e4\u00e4m\u00e4mme ja k\u00e4sittelem\u00e4mme henkil\u00f6tiedot pidet\u00e4\u00e4n luottamuksellisina, eik\u00e4 niit\u00e4 ilmaista muille kuin niit\u00e4 ty\u00f6ss\u00e4\u00e4n tarvitseville taikka luottamuksellisesti ja rajoitetusti palvelusopimusten perusteella asiakkaillemme. P\u00e4\u00e4sy henkil\u00f6tietoihin on suojattu k\u00e4ytt\u00e4j\u00e4kohtaisin tunnuksin, salasanoin ja k\u00e4ytt\u00f6oikeuksin.<\/p><p>Tietojen mahdollisessa luovuttamisessa tai siirrossa noudatetaan lakeja, asetuksia ja viranomaisen ohjeita. Ker\u00e4\u00e4mi\u00e4mme tietoja ei myyd\u00e4 eteenp\u00e4in.<\/p><h3>TIETOSUOJASELOSTEEN P\u00c4IVITYS<\/h3><p>Tietosuojaselostettamme voidaan p\u00e4ivitt\u00e4\u00e4 muun muassa lains\u00e4\u00e4d\u00e4nn\u00f6n tai meid\u00e4n toimintatapojemme muuttuessa.<\/p><h3>YHTEYSTIEDOT<\/h3><p>Tietoturva-, tietosuoja- ja henkil\u00f6tietoihin liittyviss\u00e4 asioissa voitte ottaa yhteytt\u00e4\u00a0<a href=\"mailto:info@suvic.fi\">info@renetec.com<\/a>.<\/p>\t\t\t\t\t\t\t\t<\/div>\n\t\t\t\t<\/div>\n\t\t\t\t\t<\/div>\n\t\t<\/div>\n\t\t\t\t\t<\/div>\n\t\t<\/section>\n\t\t\t\t<\/div>","protected":false},"excerpt":{"rendered":"<p>PRIVACY POLICY Our website addresshttps:\/\/renetec.com By using our services, website, or contacting us, you agree that we process your personal data in accordance with this privacy policy.\u00a0Renetec Oy (the Data Controller) is committed to complying with the applicable European Union and Finnish regulations on data protection and security. All processing of personal data is carried [&hellip;]<\/p>\n","protected":false},"author":1,"featured_media":0,"parent":0,"menu_order":0,"comment_status":"closed","ping_status":"closed","template":"elementor_header_footer","meta":{"site-sidebar-layout":"no-sidebar","site-content-layout":"page-builder","ast-site-content-layout":"default","site-content-style":"default","site-sidebar-style":"default","ast-global-header-display":"","ast-banner-title-visibility":"","ast-main-header-display":"","ast-hfb-above-header-display":"","ast-hfb-below-header-display":"","ast-hfb-mobile-header-display":"","site-post-title":"disabled","ast-breadcrumbs-content":"","ast-featured-img":"disabled","footer-sml-layout":"","ast-disable-related-posts":"","theme-transparent-header-meta":"","adv-header-id-meta":"","stick-header-meta":"","header-above-stick-meta":"","header-main-stick-meta":"","header-below-stick-meta":"","astra-migrate-meta-layouts":"default","ast-page-background-enabled":"default","ast-page-background-meta":{"desktop":{"background-color":"var(--ast-global-color-4)","background-image":"","background-repeat":"repeat","background-position":"center center","background-size":"auto","background-attachment":"scroll","background-type":"","background-media":"","overlay-type":"","overlay-color":"","overlay-opacity":"","overlay-gradient":""},"tablet":{"background-color":"","background-image":"","background-repeat":"repeat","background-position":"center center","background-size":"auto","background-attachment":"scroll","background-type":"","background-media":"","overlay-type":"","overlay-color":"","overlay-opacity":"","overlay-gradient":""},"mobile":{"background-color":"","background-image":"","background-repeat":"repeat","background-position":"center center","background-size":"auto","background-attachment":"scroll","background-type":"","background-media":"","overlay-type":"","overlay-color":"","overlay-opacity":"","overlay-gradient":""}},"ast-content-background-meta":{"desktop":{"background-color":"var(--ast-global-color-5)","background-image":"","background-repeat":"repeat","background-position":"center center","background-size":"auto","background-attachment":"scroll","background-type":"","background-media":"","overlay-type":"","overlay-color":"","overlay-opacity":"","overlay-gradient":""},"tablet":{"background-color":"var(--ast-global-color-5)","background-image":"","background-repeat":"repeat","background-position":"center center","background-size":"auto","background-attachment":"scroll","background-type":"","background-media":"","overlay-type":"","overlay-color":"","overlay-opacity":"","overlay-gradient":""},"mobile":{"background-color":"var(--ast-global-color-5)","background-image":"","background-repeat":"repeat","background-position":"center center","background-size":"auto","background-attachment":"scroll","background-type":"","background-media":"","overlay-type":"","overlay-color":"","overlay-opacity":"","overlay-gradient":""}},"footnotes":""},"class_list":["post-1300","page","type-page","status-publish","hentry"],"yoast_head":"<!-- This site is optimized with the Yoast SEO plugin v27.3 - https:\/\/yoast.com\/product\/yoast-seo-wordpress\/ -->\n<title>Privacy - RENETEC<\/title>\n<meta name=\"robots\" content=\"index, follow, max-snippet:-1, max-image-preview:large, max-video-preview:-1\" \/>\n<link rel=\"canonical\" href=\"https:\/\/renetec.com\/fi\/privacy\/\" \/>\n<meta property=\"og:locale\" content=\"fi_FI\" \/>\n<meta property=\"og:type\" content=\"article\" \/>\n<meta property=\"og:title\" content=\"Privacy - RENETEC\" \/>\n<meta property=\"og:description\" content=\"PRIVACY POLICY Our website addresshttps:\/\/renetec.com By using our services, website, or contacting us, you agree that we process your personal data in accordance with this privacy policy.\u00a0Renetec Oy (the Data Controller) is committed to complying with the applicable European Union and Finnish regulations on data protection and security. All processing of personal data is carried [&hellip;]\" \/>\n<meta property=\"og:url\" content=\"https:\/\/renetec.com\/fi\/privacy\/\" \/>\n<meta property=\"og:site_name\" content=\"RENETEC\" \/>\n<meta property=\"article:modified_time\" content=\"2023-10-31T18:02:25+00:00\" \/>\n<meta name=\"twitter:card\" content=\"summary_large_image\" \/>\n<meta name=\"twitter:label1\" content=\"Arvioitu lukuaika\" \/>\n\t<meta name=\"twitter:data1\" content=\"4 minuuttia\" \/>\n<script type=\"application\/ld+json\" class=\"yoast-schema-graph\">{\"@context\":\"https:\\\/\\\/schema.org\",\"@graph\":[{\"@type\":\"WebPage\",\"@id\":\"https:\\\/\\\/renetec.com\\\/privacy\\\/\",\"url\":\"https:\\\/\\\/renetec.com\\\/privacy\\\/\",\"name\":\"Privacy - RENETEC\",\"isPartOf\":{\"@id\":\"https:\\\/\\\/renetec.com\\\/#website\"},\"datePublished\":\"2023-03-01T10:40:00+00:00\",\"dateModified\":\"2023-10-31T18:02:25+00:00\",\"breadcrumb\":{\"@id\":\"https:\\\/\\\/renetec.com\\\/privacy\\\/#breadcrumb\"},\"inLanguage\":\"fi\",\"potentialAction\":[{\"@type\":\"ReadAction\",\"target\":[\"https:\\\/\\\/renetec.com\\\/privacy\\\/\"]}]},{\"@type\":\"BreadcrumbList\",\"@id\":\"https:\\\/\\\/renetec.com\\\/privacy\\\/#breadcrumb\",\"itemListElement\":[{\"@type\":\"ListItem\",\"position\":1,\"name\":\"Home\",\"item\":\"https:\\\/\\\/renetec.com\\\/\"},{\"@type\":\"ListItem\",\"position\":2,\"name\":\"Privacy\"}]},{\"@type\":\"WebSite\",\"@id\":\"https:\\\/\\\/renetec.com\\\/#website\",\"url\":\"https:\\\/\\\/renetec.com\\\/\",\"name\":\"RENETEC\",\"description\":\"Rethinking Future\",\"publisher\":{\"@id\":\"https:\\\/\\\/renetec.com\\\/#organization\"},\"potentialAction\":[{\"@type\":\"SearchAction\",\"target\":{\"@type\":\"EntryPoint\",\"urlTemplate\":\"https:\\\/\\\/renetec.com\\\/?s={search_term_string}\"},\"query-input\":{\"@type\":\"PropertyValueSpecification\",\"valueRequired\":true,\"valueName\":\"search_term_string\"}}],\"inLanguage\":\"fi\"},{\"@type\":\"Organization\",\"@id\":\"https:\\\/\\\/renetec.com\\\/#organization\",\"name\":\"RENETEC\",\"url\":\"https:\\\/\\\/renetec.com\\\/\",\"logo\":{\"@type\":\"ImageObject\",\"inLanguage\":\"fi\",\"@id\":\"https:\\\/\\\/renetec.com\\\/#\\\/schema\\\/logo\\\/image\\\/\",\"url\":\"https:\\\/\\\/renetec.com\\\/wp-content\\\/uploads\\\/2023\\\/02\\\/RENETEC_SITELOGO_350.png\",\"contentUrl\":\"https:\\\/\\\/renetec.com\\\/wp-content\\\/uploads\\\/2023\\\/02\\\/RENETEC_SITELOGO_350.png\",\"width\":350,\"height\":41,\"caption\":\"RENETEC\"},\"image\":{\"@id\":\"https:\\\/\\\/renetec.com\\\/#\\\/schema\\\/logo\\\/image\\\/\"}}]}<\/script>\n<!-- \/ Yoast SEO plugin. -->","yoast_head_json":{"title":"Privacy - RENETEC","robots":{"index":"index","follow":"follow","max-snippet":"max-snippet:-1","max-image-preview":"max-image-preview:large","max-video-preview":"max-video-preview:-1"},"canonical":"https:\/\/renetec.com\/fi\/privacy\/","og_locale":"fi_FI","og_type":"article","og_title":"Privacy - RENETEC","og_description":"PRIVACY POLICY Our website addresshttps:\/\/renetec.com By using our services, website, or contacting us, you agree that we process your personal data in accordance with this privacy policy.\u00a0Renetec Oy (the Data Controller) is committed to complying with the applicable European Union and Finnish regulations on data protection and security. All processing of personal data is carried [&hellip;]","og_url":"https:\/\/renetec.com\/fi\/privacy\/","og_site_name":"RENETEC","article_modified_time":"2023-10-31T18:02:25+00:00","twitter_card":"summary_large_image","twitter_misc":{"Arvioitu lukuaika":"4 minuuttia"},"schema":{"@context":"https:\/\/schema.org","@graph":[{"@type":"WebPage","@id":"https:\/\/renetec.com\/privacy\/","url":"https:\/\/renetec.com\/privacy\/","name":"Privacy - RENETEC","isPartOf":{"@id":"https:\/\/renetec.com\/#website"},"datePublished":"2023-03-01T10:40:00+00:00","dateModified":"2023-10-31T18:02:25+00:00","breadcrumb":{"@id":"https:\/\/renetec.com\/privacy\/#breadcrumb"},"inLanguage":"fi","potentialAction":[{"@type":"ReadAction","target":["https:\/\/renetec.com\/privacy\/"]}]},{"@type":"BreadcrumbList","@id":"https:\/\/renetec.com\/privacy\/#breadcrumb","itemListElement":[{"@type":"ListItem","position":1,"name":"Home","item":"https:\/\/renetec.com\/"},{"@type":"ListItem","position":2,"name":"Privacy"}]},{"@type":"WebSite","@id":"https:\/\/renetec.com\/#website","url":"https:\/\/renetec.com\/","name":"RENETEC","description":"Rethinking Future","publisher":{"@id":"https:\/\/renetec.com\/#organization"},"potentialAction":[{"@type":"SearchAction","target":{"@type":"EntryPoint","urlTemplate":"https:\/\/renetec.com\/?s={search_term_string}"},"query-input":{"@type":"PropertyValueSpecification","valueRequired":true,"valueName":"search_term_string"}}],"inLanguage":"fi"},{"@type":"Organization","@id":"https:\/\/renetec.com\/#organization","name":"RENETEC","url":"https:\/\/renetec.com\/","logo":{"@type":"ImageObject","inLanguage":"fi","@id":"https:\/\/renetec.com\/#\/schema\/logo\/image\/","url":"https:\/\/renetec.com\/wp-content\/uploads\/2023\/02\/RENETEC_SITELOGO_350.png","contentUrl":"https:\/\/renetec.com\/wp-content\/uploads\/2023\/02\/RENETEC_SITELOGO_350.png","width":350,"height":41,"caption":"RENETEC"},"image":{"@id":"https:\/\/renetec.com\/#\/schema\/logo\/image\/"}}]}},"_links":{"self":[{"href":"https:\/\/renetec.com\/fi\/wp-json\/wp\/v2\/pages\/1300","targetHints":{"allow":["GET"]}}],"collection":[{"href":"https:\/\/renetec.com\/fi\/wp-json\/wp\/v2\/pages"}],"about":[{"href":"https:\/\/renetec.com\/fi\/wp-json\/wp\/v2\/types\/page"}],"author":[{"embeddable":true,"href":"https:\/\/renetec.com\/fi\/wp-json\/wp\/v2\/users\/1"}],"replies":[{"embeddable":true,"href":"https:\/\/renetec.com\/fi\/wp-json\/wp\/v2\/comments?post=1300"}],"version-history":[{"count":46,"href":"https:\/\/renetec.com\/fi\/wp-json\/wp\/v2\/pages\/1300\/revisions"}],"predecessor-version":[{"id":2682,"href":"https:\/\/renetec.com\/fi\/wp-json\/wp\/v2\/pages\/1300\/revisions\/2682"}],"wp:attachment":[{"href":"https:\/\/renetec.com\/fi\/wp-json\/wp\/v2\/media?parent=1300"}],"curies":[{"name":"wp","href":"https:\/\/api.w.org\/{rel}","templated":true}]}}